{"id":4907,"date":"2023-06-23T18:51:28","date_gmt":"2023-06-23T16:51:28","guid":{"rendered":"https:\/\/bilshopping.dk\/produkt\/hertz-hmp1d-powersport-1-kanals-forstaerker-600-watt\/"},"modified":"2023-06-23T18:51:44","modified_gmt":"2023-06-23T16:51:44","slug":"hertz-hmp1d-powersport-1-kanals-forstaerker-600-watt","status":"publish","type":"product","link":"https:\/\/bilshopping.dk\/?product=hertz-hmp1d-powersport-1-kanals-forstaerker-600-watt","title":{"rendered":"Hertz HMP1D Powersport 1 kanals forst\u00e6rker, 600 watt"},"content":{"rendered":"<p>Produktid er <strong>1382<\/strong> og <strong>8018823122139<\/strong><\/p>\n<h2>Anmeldelse af Hertz HMP1D Powersport 1 kanals forst\u00e6rker, 600 watt<\/h2>\n<p>Se om vi har en <a href=\"https:\/\/bilshopping.dk\/592\">anmeldelse af Hertz HMP1D Powersport 1 kanals forst\u00e6rker, 600 watt<\/a>.<\/p>\n","protected":false},"excerpt":{"rendered":"<p>Takket v\u00e6re det ultrakompakte st\u00f8bt aluminiums chassis (IP64 GODKENDT) er Hertz HMP 1D-forst\u00e6rkerne det ideelle valg til montering p\u00e5 en ATV eller en motorcykel. Hertz HMP 1D forst\u00e6rkeren har en utrolig kraft i forhold til st\u00f8rrelse., Hertz HMP1D Powersport 1 kanals forst\u00e6rker, 600 watt.<\/p>\n","protected":false},"featured_media":4908,"comment_status":"closed","ping_status":"open","template":"","meta":{"_kad_post_transparent":"","_kad_post_title":"","_kad_post_layout":"","_kad_post_sidebar_id":"","_kad_post_content_style":"","_kad_post_vertical_padding":"","_kad_post_feature":"","_kad_post_feature_position":"","_kad_post_header":false,"_kad_post_footer":false},"product_cat":[3162,3176],"product_tag":[3164,3177,2988],"brand":[],"class_list":{"0":"post-4907","1":"product","2":"type-product","3":"status-publish","4":"has-post-thumbnail","6":"product_cat-bilstereo","7":"product_cat-forstaerkere","8":"product_tag-bilstereo","9":"product_tag-forstaerkere","10":"product_tag-los","12":"first","13":"instock","14":"product-type-external","15":"entry","16":"content-bg","17":"loop-entry"},"_links":{"self":[{"href":"https:\/\/bilshopping.dk\/index.php?rest_route=\/wp\/v2\/product\/4907","targetHints":{"allow":["GET"]}}],"collection":[{"href":"https:\/\/bilshopping.dk\/index.php?rest_route=\/wp\/v2\/product"}],"about":[{"href":"https:\/\/bilshopping.dk\/index.php?rest_route=\/wp\/v2\/types\/product"}],"replies":[{"embeddable":true,"href":"https:\/\/bilshopping.dk\/index.php?rest_route=%2Fwp%2Fv2%2Fcomments&post=4907"}],"wp:featuredmedia":[{"embeddable":true,"href":"https:\/\/bilshopping.dk\/index.php?rest_route=\/wp\/v2\/media\/4908"}],"wp:attachment":[{"href":"https:\/\/bilshopping.dk\/index.php?rest_route=%2Fwp%2Fv2%2Fmedia&parent=4907"}],"wp:term":[{"taxonomy":"product_cat","embeddable":true,"href":"https:\/\/bilshopping.dk\/index.php?rest_route=%2Fwp%2Fv2%2Fproduct_cat&post=4907"},{"taxonomy":"product_tag","embeddable":true,"href":"https:\/\/bilshopping.dk\/index.php?rest_route=%2Fwp%2Fv2%2Fproduct_tag&post=4907"},{"taxonomy":"brand","embeddable":true,"href":"https:\/\/bilshopping.dk\/index.php?rest_route=%2Fwp%2Fv2%2Fbrand&post=4907"}],"curies":[{"name":"wp","href":"https:\/\/api.w.org\/{rel}","templated":true}]}}