{"id":4913,"date":"2023-06-23T18:51:28","date_gmt":"2023-06-23T16:51:28","guid":{"rendered":"https:\/\/bilshopping.dk\/produkt\/hertz-hmx6-5-marine-hoejtaler-coax-165-mm\/"},"modified":"2023-06-23T18:51:48","modified_gmt":"2023-06-23T16:51:48","slug":"hertz-hmx6-5-marine-hoejtaler-coax-165-mm","status":"publish","type":"product","link":"https:\/\/bilshopping.dk\/?product=hertz-hmx6-5-marine-hoejtaler-coax-165-mm","title":{"rendered":"Hertz HMX6.5 Marine h\u00f8jtaler Coax 165 mm"},"content":{"rendered":"<p>Produktid er <strong>1385<\/strong> og <strong>8018823120807<\/strong><\/p>\n<h2>Anmeldelse af Hertz HMX6.5 Marine h\u00f8jtaler Coax 165 mm<\/h2>\n<p>Se om vi har en <a href=\"https:\/\/bilshopping.dk\/592\">anmeldelse af Hertz HMX6.5 Marine h\u00f8jtaler Coax 165 mm<\/a>.<\/p>\n","protected":false},"excerpt":{"rendered":"<p>Hertz HMX6.5 Marine h\u00f8jtaler Coax 165 mm\u00c2\u00a0er skabt til at forbl\u00f8ffe og overraske, sammen med en solid bas f\u00e5r de en excellent lyd. Det flotte rustfri st\u00e5l udseende og magnetisk gruppe leverer perfekt lyd, Hertz HMX6.5 Marine h\u00f8jtaler Coax 165 mm.<\/p>\n","protected":false},"featured_media":4914,"comment_status":"closed","ping_status":"open","template":"","meta":{"_kad_post_transparent":"","_kad_post_title":"","_kad_post_layout":"","_kad_post_sidebar_id":"","_kad_post_content_style":"","_kad_post_vertical_padding":"","_kad_post_feature":"","_kad_post_feature_position":"","_kad_post_header":false,"_kad_post_footer":false},"product_cat":[3162,3249],"product_tag":[3164,2988,3250],"brand":[],"class_list":{"0":"post-4913","1":"product","2":"type-product","3":"status-publish","4":"has-post-thumbnail","6":"product_cat-bilstereo","7":"product_cat-marine","8":"product_tag-bilstereo","9":"product_tag-los","10":"product_tag-marine","12":"first","13":"instock","14":"product-type-external","15":"entry","16":"content-bg","17":"loop-entry"},"_links":{"self":[{"href":"https:\/\/bilshopping.dk\/index.php?rest_route=\/wp\/v2\/product\/4913","targetHints":{"allow":["GET"]}}],"collection":[{"href":"https:\/\/bilshopping.dk\/index.php?rest_route=\/wp\/v2\/product"}],"about":[{"href":"https:\/\/bilshopping.dk\/index.php?rest_route=\/wp\/v2\/types\/product"}],"replies":[{"embeddable":true,"href":"https:\/\/bilshopping.dk\/index.php?rest_route=%2Fwp%2Fv2%2Fcomments&post=4913"}],"wp:featuredmedia":[{"embeddable":true,"href":"https:\/\/bilshopping.dk\/index.php?rest_route=\/wp\/v2\/media\/4914"}],"wp:attachment":[{"href":"https:\/\/bilshopping.dk\/index.php?rest_route=%2Fwp%2Fv2%2Fmedia&parent=4913"}],"wp:term":[{"taxonomy":"product_cat","embeddable":true,"href":"https:\/\/bilshopping.dk\/index.php?rest_route=%2Fwp%2Fv2%2Fproduct_cat&post=4913"},{"taxonomy":"product_tag","embeddable":true,"href":"https:\/\/bilshopping.dk\/index.php?rest_route=%2Fwp%2Fv2%2Fproduct_tag&post=4913"},{"taxonomy":"brand","embeddable":true,"href":"https:\/\/bilshopping.dk\/index.php?rest_route=%2Fwp%2Fv2%2Fbrand&post=4913"}],"curies":[{"name":"wp","href":"https:\/\/api.w.org\/{rel}","templated":true}]}}