{"id":4919,"date":"2023-06-23T18:51:52","date_gmt":"2023-06-23T16:51:52","guid":{"rendered":"https:\/\/bilshopping.dk\/produkt\/hertz-hmx8-s-ld-hoejtaler-power-sport-coax-200-mm\/"},"modified":"2023-06-23T18:51:52","modified_gmt":"2023-06-23T16:51:52","slug":"hertz-hmx8-s-ld-hoejtaler-power-sport-coax-200-mm","status":"publish","type":"product","link":"https:\/\/bilshopping.dk\/?product=hertz-hmx8-s-ld-hoejtaler-power-sport-coax-200-mm","title":{"rendered":"Hertz HMX8 S-LD H\u00f8jtaler power Sport Coax 200 mm"},"content":{"rendered":"<p>Produktid er <strong>1391<\/strong> og <strong>8018823122177<\/strong><\/p>\n<h2>Anmeldelse af Hertz HMX8 S-LD H\u00f8jtaler power Sport Coax 200 mm<\/h2>\n<p>Se om vi har en <a href=\"https:\/\/bilshopping.dk\/592\">anmeldelse af Hertz HMX8 S-LD H\u00f8jtaler power Sport Coax 200 mm<\/a>.<\/p>\n","protected":false},"excerpt":{"rendered":"<p>Hertz HMX 8 S LD h\u00f8jeffektive power Sport koaksial h\u00f8jttalere\u00c2\u00a0er udviklet til, at gengive en solid bas med en s\u00e6rdeles kraftig styrke. Hele h\u00f8jttalerenheden er udviklet af materialer der t\u00e5ler st\u00f8j, vand og mudder.\u00c2\u00a0, Hertz HMX8 S-LD H\u00f8jtaler power Sport Coax 200 mm.<\/p>\n","protected":false},"featured_media":4920,"comment_status":"closed","ping_status":"open","template":"","meta":{"_kad_post_transparent":"","_kad_post_title":"","_kad_post_layout":"","_kad_post_sidebar_id":"","_kad_post_content_style":"","_kad_post_vertical_padding":"","_kad_post_feature":"","_kad_post_feature_position":"","_kad_post_header":false,"_kad_post_footer":false},"product_cat":[3162,3180],"product_tag":[3164,3181,2988],"brand":[],"class_list":{"0":"post-4919","1":"product","2":"type-product","3":"status-publish","4":"has-post-thumbnail","6":"product_cat-bilstereo","7":"product_cat-hoejttalere","8":"product_tag-bilstereo","9":"product_tag-hoejttalere","10":"product_tag-los","12":"first","13":"instock","14":"product-type-external","15":"entry","16":"content-bg","17":"loop-entry"},"_links":{"self":[{"href":"https:\/\/bilshopping.dk\/index.php?rest_route=\/wp\/v2\/product\/4919","targetHints":{"allow":["GET"]}}],"collection":[{"href":"https:\/\/bilshopping.dk\/index.php?rest_route=\/wp\/v2\/product"}],"about":[{"href":"https:\/\/bilshopping.dk\/index.php?rest_route=\/wp\/v2\/types\/product"}],"replies":[{"embeddable":true,"href":"https:\/\/bilshopping.dk\/index.php?rest_route=%2Fwp%2Fv2%2Fcomments&post=4919"}],"wp:featuredmedia":[{"embeddable":true,"href":"https:\/\/bilshopping.dk\/index.php?rest_route=\/wp\/v2\/media\/4920"}],"wp:attachment":[{"href":"https:\/\/bilshopping.dk\/index.php?rest_route=%2Fwp%2Fv2%2Fmedia&parent=4919"}],"wp:term":[{"taxonomy":"product_cat","embeddable":true,"href":"https:\/\/bilshopping.dk\/index.php?rest_route=%2Fwp%2Fv2%2Fproduct_cat&post=4919"},{"taxonomy":"product_tag","embeddable":true,"href":"https:\/\/bilshopping.dk\/index.php?rest_route=%2Fwp%2Fv2%2Fproduct_tag&post=4919"},{"taxonomy":"brand","embeddable":true,"href":"https:\/\/bilshopping.dk\/index.php?rest_route=%2Fwp%2Fv2%2Fbrand&post=4919"}],"curies":[{"name":"wp","href":"https:\/\/api.w.org\/{rel}","templated":true}]}}