{"id":4921,"date":"2023-06-23T18:51:52","date_gmt":"2023-06-23T16:51:52","guid":{"rendered":"https:\/\/bilshopping.dk\/produkt\/hertz-hp6001-spl-show-forstaerker-6000-w\/"},"modified":"2023-06-23T18:51:54","modified_gmt":"2023-06-23T16:51:54","slug":"hertz-hp6001-spl-show-forstaerker-6000-w","status":"publish","type":"product","link":"https:\/\/bilshopping.dk\/?product=hertz-hp6001-spl-show-forstaerker-6000-w","title":{"rendered":"Hertz HP6001 SPL Show forst\u00e6rker 6000 W"},"content":{"rendered":"<p>Produktid er <strong>1392<\/strong> og <strong>8018823111522<\/strong><\/p>\n<h2>Anmeldelse af Hertz HP6001 SPL Show forst\u00e6rker 6000 W<\/h2>\n<p>Se om vi har en <a href=\"https:\/\/bilshopping.dk\/592\">anmeldelse af Hertz HP6001 SPL Show forst\u00e6rker 6000 W<\/a>.<\/p>\n","protected":false},"excerpt":{"rendered":"<p>Hertz HP6001 SPL Show forst\u00e6rker 6000 W er den mest kraftfulde forst\u00e6rker i SPL Show linjen. Den giver mulighed for at levere op til 6000W \u00e6gte watt., Hertz HP6001 SPL Show forst\u00e6rker 6000 W.<\/p>\n","protected":false},"featured_media":4922,"comment_status":"closed","ping_status":"open","template":"","meta":{"_kad_post_transparent":"","_kad_post_title":"","_kad_post_layout":"","_kad_post_sidebar_id":"","_kad_post_content_style":"","_kad_post_vertical_padding":"","_kad_post_feature":"","_kad_post_feature_position":"","_kad_post_header":false,"_kad_post_footer":false},"product_cat":[3162,3176],"product_tag":[3164,3177,2988],"brand":[],"class_list":{"0":"post-4921","1":"product","2":"type-product","3":"status-publish","4":"has-post-thumbnail","6":"product_cat-bilstereo","7":"product_cat-forstaerkere","8":"product_tag-bilstereo","9":"product_tag-forstaerkere","10":"product_tag-los","12":"first","13":"instock","14":"product-type-external","15":"entry","16":"content-bg","17":"loop-entry"},"_links":{"self":[{"href":"https:\/\/bilshopping.dk\/index.php?rest_route=\/wp\/v2\/product\/4921","targetHints":{"allow":["GET"]}}],"collection":[{"href":"https:\/\/bilshopping.dk\/index.php?rest_route=\/wp\/v2\/product"}],"about":[{"href":"https:\/\/bilshopping.dk\/index.php?rest_route=\/wp\/v2\/types\/product"}],"replies":[{"embeddable":true,"href":"https:\/\/bilshopping.dk\/index.php?rest_route=%2Fwp%2Fv2%2Fcomments&post=4921"}],"wp:featuredmedia":[{"embeddable":true,"href":"https:\/\/bilshopping.dk\/index.php?rest_route=\/wp\/v2\/media\/4922"}],"wp:attachment":[{"href":"https:\/\/bilshopping.dk\/index.php?rest_route=%2Fwp%2Fv2%2Fmedia&parent=4921"}],"wp:term":[{"taxonomy":"product_cat","embeddable":true,"href":"https:\/\/bilshopping.dk\/index.php?rest_route=%2Fwp%2Fv2%2Fproduct_cat&post=4921"},{"taxonomy":"product_tag","embeddable":true,"href":"https:\/\/bilshopping.dk\/index.php?rest_route=%2Fwp%2Fv2%2Fproduct_tag&post=4921"},{"taxonomy":"brand","embeddable":true,"href":"https:\/\/bilshopping.dk\/index.php?rest_route=%2Fwp%2Fv2%2Fbrand&post=4921"}],"curies":[{"name":"wp","href":"https:\/\/api.w.org\/{rel}","templated":true}]}}