{"id":4945,"date":"2023-06-23T18:51:52","date_gmt":"2023-06-23T16:51:52","guid":{"rendered":"https:\/\/bilshopping.dk\/produkt\/hertz-mlk1650-3-mille-top-komponent-system-165-mm\/"},"modified":"2023-06-23T18:52:14","modified_gmt":"2023-06-23T16:52:14","slug":"hertz-mlk1650-3-mille-top-komponent-system-165-mm","status":"publish","type":"product","link":"https:\/\/bilshopping.dk\/?product=hertz-mlk1650-3-mille-top-komponent-system-165-mm","title":{"rendered":"Hertz MLK1650.3 Mille Top komponent system 165 mm"},"content":{"rendered":"<p>Produktid er <strong>1408<\/strong> og <strong>8018823114004<\/strong><\/p>\n<h2>Anmeldelse af Hertz MLK1650.3 Mille Top komponent system 165 mm<\/h2>\n<p>Se om vi har en <a href=\"https:\/\/bilshopping.dk\/592\">anmeldelse af Hertz MLK1650.3 Mille Top komponent system 165 mm<\/a>.<\/p>\n","protected":false},"excerpt":{"rendered":"<p>MLK 1650.3 Hertz Legend bilh\u00f8jttalere systemet er et 2-vejs komponent h\u00f8jttaler s\u00e6t, der er dedikeret til lyd entusiaster. Der er lagt v\u00e6gt p\u00e5 at opn\u00e5 maksimal klangfarve renhed kombineret med meget h\u00f8j dynamik og ekstremt udvidet frekvensgang., Hertz MLK1650.3 Mille Top komponent system 165 mm.<\/p>\n","protected":false},"featured_media":4946,"comment_status":"closed","ping_status":"open","template":"","meta":{"_kad_post_transparent":"","_kad_post_title":"","_kad_post_layout":"","_kad_post_sidebar_id":"","_kad_post_content_style":"","_kad_post_vertical_padding":"","_kad_post_feature":"","_kad_post_feature_position":"","_kad_post_header":false,"_kad_post_footer":false},"product_cat":[3162,3180],"product_tag":[3164,3181,2988],"brand":[],"class_list":{"0":"post-4945","1":"product","2":"type-product","3":"status-publish","4":"has-post-thumbnail","6":"product_cat-bilstereo","7":"product_cat-hoejttalere","8":"product_tag-bilstereo","9":"product_tag-hoejttalere","10":"product_tag-los","12":"first","13":"instock","14":"product-type-external","15":"entry","16":"content-bg","17":"loop-entry"},"_links":{"self":[{"href":"https:\/\/bilshopping.dk\/index.php?rest_route=\/wp\/v2\/product\/4945","targetHints":{"allow":["GET"]}}],"collection":[{"href":"https:\/\/bilshopping.dk\/index.php?rest_route=\/wp\/v2\/product"}],"about":[{"href":"https:\/\/bilshopping.dk\/index.php?rest_route=\/wp\/v2\/types\/product"}],"replies":[{"embeddable":true,"href":"https:\/\/bilshopping.dk\/index.php?rest_route=%2Fwp%2Fv2%2Fcomments&post=4945"}],"wp:featuredmedia":[{"embeddable":true,"href":"https:\/\/bilshopping.dk\/index.php?rest_route=\/wp\/v2\/media\/4946"}],"wp:attachment":[{"href":"https:\/\/bilshopping.dk\/index.php?rest_route=%2Fwp%2Fv2%2Fmedia&parent=4945"}],"wp:term":[{"taxonomy":"product_cat","embeddable":true,"href":"https:\/\/bilshopping.dk\/index.php?rest_route=%2Fwp%2Fv2%2Fproduct_cat&post=4945"},{"taxonomy":"product_tag","embeddable":true,"href":"https:\/\/bilshopping.dk\/index.php?rest_route=%2Fwp%2Fv2%2Fproduct_tag&post=4945"},{"taxonomy":"brand","embeddable":true,"href":"https:\/\/bilshopping.dk\/index.php?rest_route=%2Fwp%2Fv2%2Fbrand&post=4945"}],"curies":[{"name":"wp","href":"https:\/\/api.w.org\/{rel}","templated":true}]}}