{"id":4983,"date":"2023-06-23T18:52:25","date_gmt":"2023-06-23T16:52:25","guid":{"rendered":"https:\/\/bilshopping.dk\/produkt\/hertz-sx380d-spl-subwoofer-380-mm-15\/"},"modified":"2023-06-23T18:52:38","modified_gmt":"2023-06-23T16:52:38","slug":"hertz-sx380d-spl-subwoofer-380-mm-15","status":"publish","type":"product","link":"https:\/\/bilshopping.dk\/?product=hertz-sx380d-spl-subwoofer-380-mm-15","title":{"rendered":"Hertz SX380D SPL Subwoofer 380 mm \/ 15&#8243;"},"content":{"rendered":"<p>Produktid er <strong>1433<\/strong> og <strong>8018823090186<\/strong><\/p>\n<h2>Anmeldelse af Hertz SX380D SPL Subwoofer 380 mm \/ 15&#8243;<\/h2>\n<p>Se om vi har en <a href=\"https:\/\/bilshopping.dk\/592\">anmeldelse af Hertz SX380D SPL Subwoofer 380 mm \/ 15&#8243;<\/a>.<\/p>\n","protected":false},"excerpt":{"rendered":"<p>Hertz SX380D SPL Subwoofer 380 mm \/ 15&#8243; er en bil subwoofer, der\u00c2\u00a0er udviklet til bilstereo anl\u00e6g hvor der l\u00e6gges en s\u00e6rlig v\u00e6gt p\u00e5 hele bas gengivelsen. Og der er virkelig lagt op til bas i den h\u00e5rde ende!, Hertz SX380D SPL Subwoofer 380 mm \/ 15&#8243;.<\/p>\n","protected":false},"featured_media":4984,"comment_status":"closed","ping_status":"open","template":"","meta":{"_kad_post_transparent":"","_kad_post_title":"","_kad_post_layout":"","_kad_post_sidebar_id":"","_kad_post_content_style":"","_kad_post_vertical_padding":"","_kad_post_feature":"","_kad_post_feature_position":"","_kad_post_header":false,"_kad_post_footer":false},"product_cat":[3162,3178],"product_tag":[3164,2988,3179],"brand":[],"class_list":{"0":"post-4983","1":"product","2":"type-product","3":"status-publish","4":"has-post-thumbnail","6":"product_cat-bilstereo","7":"product_cat-subwoofere","8":"product_tag-bilstereo","9":"product_tag-los","10":"product_tag-subwoofere","12":"first","13":"instock","14":"product-type-external","15":"entry","16":"content-bg","17":"loop-entry"},"_links":{"self":[{"href":"https:\/\/bilshopping.dk\/index.php?rest_route=\/wp\/v2\/product\/4983","targetHints":{"allow":["GET"]}}],"collection":[{"href":"https:\/\/bilshopping.dk\/index.php?rest_route=\/wp\/v2\/product"}],"about":[{"href":"https:\/\/bilshopping.dk\/index.php?rest_route=\/wp\/v2\/types\/product"}],"replies":[{"embeddable":true,"href":"https:\/\/bilshopping.dk\/index.php?rest_route=%2Fwp%2Fv2%2Fcomments&post=4983"}],"wp:featuredmedia":[{"embeddable":true,"href":"https:\/\/bilshopping.dk\/index.php?rest_route=\/wp\/v2\/media\/4984"}],"wp:attachment":[{"href":"https:\/\/bilshopping.dk\/index.php?rest_route=%2Fwp%2Fv2%2Fmedia&parent=4983"}],"wp:term":[{"taxonomy":"product_cat","embeddable":true,"href":"https:\/\/bilshopping.dk\/index.php?rest_route=%2Fwp%2Fv2%2Fproduct_cat&post=4983"},{"taxonomy":"product_tag","embeddable":true,"href":"https:\/\/bilshopping.dk\/index.php?rest_route=%2Fwp%2Fv2%2Fproduct_tag&post=4983"},{"taxonomy":"brand","embeddable":true,"href":"https:\/\/bilshopping.dk\/index.php?rest_route=%2Fwp%2Fv2%2Fbrand&post=4983"}],"curies":[{"name":"wp","href":"https:\/\/api.w.org\/{rel}","templated":true}]}}