{"id":5053,"date":"2023-06-23T18:54:53","date_gmt":"2023-06-23T16:54:53","guid":{"rendered":"https:\/\/bilshopping.dk\/produkt\/jom-justerbare-stabilisatorstaenger-for-opel-corsa-d\/"},"modified":"2023-06-23T18:55:29","modified_gmt":"2023-06-23T16:55:29","slug":"jom-justerbare-stabilisatorstaenger-for-opel-corsa-d","status":"publish","type":"product","link":"https:\/\/bilshopping.dk\/?product=jom-justerbare-stabilisatorstaenger-for-opel-corsa-d","title":{"rendered":"JOM Justerbare stabilisatorst\u00e6nger for Opel Corsa D"},"content":{"rendered":"<p>Produktid er <strong>1475<\/strong> og <strong>4048961084086<\/strong><\/p>\n<h2>Anmeldelse af JOM Justerbare stabilisatorst\u00e6nger for Opel Corsa D<\/h2>\n<p>Se om vi har en <a href=\"https:\/\/bilshopping.dk\/592\">anmeldelse af JOM Justerbare stabilisatorst\u00e6nger for Opel Corsa D<\/a>.<\/p>\n","protected":false},"excerpt":{"rendered":"<p>JOM Justerbare stabilisatorst\u00e6nger for Opel Corsa D\u00c2\u00a0b\u00f8r anvendes, hvis bilen s\u00e6nkes mere end 40 mm.\u00c2\u00a0Holder bilen stabil og undg\u00e5r mislyde fra undervognen.<br \/>\n\u00c2\u00a0<br \/>\n\u00c2\u00a0<br \/>\n\u00c2\u00a0, JOM Justerbare stabilisatorst\u00e6nger for Opel Corsa D.<\/p>\n","protected":false},"featured_media":5054,"comment_status":"closed","ping_status":"open","template":"","meta":{"_kad_post_transparent":"","_kad_post_title":"","_kad_post_layout":"","_kad_post_sidebar_id":"","_kad_post_content_style":"","_kad_post_vertical_padding":"","_kad_post_feature":"","_kad_post_feature_position":"","_kad_post_header":false,"_kad_post_footer":false},"product_cat":[3204,3203],"product_tag":[3206,2988,3205],"brand":[],"class_list":{"0":"post-5053","1":"product","2":"type-product","3":"status-publish","4":"has-post-thumbnail","6":"product_cat-gevindundervogn","7":"product_cat-undervogn","8":"product_tag-gevindundervogn","9":"product_tag-los","10":"product_tag-undervogn","12":"first","13":"instock","14":"product-type-external","15":"entry","16":"content-bg","17":"loop-entry"},"_links":{"self":[{"href":"https:\/\/bilshopping.dk\/index.php?rest_route=\/wp\/v2\/product\/5053","targetHints":{"allow":["GET"]}}],"collection":[{"href":"https:\/\/bilshopping.dk\/index.php?rest_route=\/wp\/v2\/product"}],"about":[{"href":"https:\/\/bilshopping.dk\/index.php?rest_route=\/wp\/v2\/types\/product"}],"replies":[{"embeddable":true,"href":"https:\/\/bilshopping.dk\/index.php?rest_route=%2Fwp%2Fv2%2Fcomments&post=5053"}],"wp:featuredmedia":[{"embeddable":true,"href":"https:\/\/bilshopping.dk\/index.php?rest_route=\/wp\/v2\/media\/5054"}],"wp:attachment":[{"href":"https:\/\/bilshopping.dk\/index.php?rest_route=%2Fwp%2Fv2%2Fmedia&parent=5053"}],"wp:term":[{"taxonomy":"product_cat","embeddable":true,"href":"https:\/\/bilshopping.dk\/index.php?rest_route=%2Fwp%2Fv2%2Fproduct_cat&post=5053"},{"taxonomy":"product_tag","embeddable":true,"href":"https:\/\/bilshopping.dk\/index.php?rest_route=%2Fwp%2Fv2%2Fproduct_tag&post=5053"},{"taxonomy":"brand","embeddable":true,"href":"https:\/\/bilshopping.dk\/index.php?rest_route=%2Fwp%2Fv2%2Fbrand&post=5053"}],"curies":[{"name":"wp","href":"https:\/\/api.w.org\/{rel}","templated":true}]}}