{"id":5079,"date":"2023-06-23T18:55:57","date_gmt":"2023-06-23T16:55:57","guid":{"rendered":"https:\/\/bilshopping.dk\/produkt\/scosche-magicmount-qi-10w-traadloes-opladning-til-forrude-instrumentbraet\/"},"modified":"2023-06-23T18:56:02","modified_gmt":"2023-06-23T16:56:02","slug":"scosche-magicmount-qi-10w-traadloes-opladning-til-forrude-instrumentbraet","status":"publish","type":"product","link":"https:\/\/bilshopping.dk\/?product=scosche-magicmount-qi-10w-traadloes-opladning-til-forrude-instrumentbraet","title":{"rendered":"Scosche magicMOUNT Qi 10W Tr\u00e5dl\u00f8s Opladning til forrude\/instrumentbr\u00e6t"},"content":{"rendered":"<p>Produktid er <strong>1555<\/strong> og <strong>033991070592<\/strong><\/p>\n<h2>Anmeldelse af Scosche magicMOUNT Qi 10W Tr\u00e5dl\u00f8s Opladning til forrude\/instrumentbr\u00e6t<\/h2>\n<p>Se om vi har en <a href=\"https:\/\/bilshopping.dk\/592\">anmeldelse af Scosche magicMOUNT Qi 10W Tr\u00e5dl\u00f8s Opladning til forrude\/instrumentbr\u00e6t<\/a>.<\/p>\n","protected":false},"excerpt":{"rendered":"<p>Scosche magicMOUNT Qi 10W Tr\u00e5dl\u00f8s Opladning til forrude\/instrumentbr\u00e6t. Fastg\u00f8r din mobilenhed sikkert p\u00e5 din forrude, instrumentbord, m.m. med denne MagicMount sugekop mobilholder, med indbygget magnetisk tr\u00e5dl\u00f8s Qi opladning. Virker til ny iPhone 8\/8 Pl, Scosche magicMOUNT Qi 10W Tr\u00e5dl\u00f8s Opladning til forrude\/instrumentbr\u00e6t.<\/p>\n","protected":false},"featured_media":5080,"comment_status":"closed","ping_status":"open","template":"","meta":{"_kad_post_transparent":"","_kad_post_title":"","_kad_post_layout":"","_kad_post_sidebar_id":"","_kad_post_content_style":"","_kad_post_vertical_padding":"","_kad_post_feature":"","_kad_post_feature_position":"","_kad_post_header":false,"_kad_post_footer":false},"product_cat":[3211,3264],"product_tag":[3213,2988,3265],"brand":[],"class_list":{"0":"post-5079","1":"product","2":"type-product","3":"status-publish","4":"has-post-thumbnail","6":"product_cat-indvendig-tilbehoer","7":"product_cat-mobil-tilbehoer","8":"product_tag-indvendig-tilbehoer","9":"product_tag-los","10":"product_tag-mobil-tilbehoer","12":"first","13":"instock","14":"product-type-external","15":"entry","16":"content-bg","17":"loop-entry"},"_links":{"self":[{"href":"https:\/\/bilshopping.dk\/index.php?rest_route=\/wp\/v2\/product\/5079","targetHints":{"allow":["GET"]}}],"collection":[{"href":"https:\/\/bilshopping.dk\/index.php?rest_route=\/wp\/v2\/product"}],"about":[{"href":"https:\/\/bilshopping.dk\/index.php?rest_route=\/wp\/v2\/types\/product"}],"replies":[{"embeddable":true,"href":"https:\/\/bilshopping.dk\/index.php?rest_route=%2Fwp%2Fv2%2Fcomments&post=5079"}],"wp:featuredmedia":[{"embeddable":true,"href":"https:\/\/bilshopping.dk\/index.php?rest_route=\/wp\/v2\/media\/5080"}],"wp:attachment":[{"href":"https:\/\/bilshopping.dk\/index.php?rest_route=%2Fwp%2Fv2%2Fmedia&parent=5079"}],"wp:term":[{"taxonomy":"product_cat","embeddable":true,"href":"https:\/\/bilshopping.dk\/index.php?rest_route=%2Fwp%2Fv2%2Fproduct_cat&post=5079"},{"taxonomy":"product_tag","embeddable":true,"href":"https:\/\/bilshopping.dk\/index.php?rest_route=%2Fwp%2Fv2%2Fproduct_tag&post=5079"},{"taxonomy":"brand","embeddable":true,"href":"https:\/\/bilshopping.dk\/index.php?rest_route=%2Fwp%2Fv2%2Fbrand&post=5079"}],"curies":[{"name":"wp","href":"https:\/\/api.w.org\/{rel}","templated":true}]}}