{"id":5169,"date":"2023-06-23T18:58:29","date_gmt":"2023-06-23T16:58:29","guid":{"rendered":"https:\/\/bilshopping.dk\/produkt\/afmonteringsvaerktoej-5-dele\/"},"modified":"2023-06-23T18:58:47","modified_gmt":"2023-06-23T16:58:47","slug":"afmonteringsvaerktoej-5-dele","status":"publish","type":"product","link":"https:\/\/bilshopping.dk\/?product=afmonteringsvaerktoej-5-dele","title":{"rendered":"Afmonteringsv\u00e6rkt\u00f8j &#8211; 5 dele"},"content":{"rendered":"<p>Produktid er <strong>1623<\/strong> og <strong>8711293086955<\/strong><\/p>\n<h2>Anmeldelse af Afmonteringsv\u00e6rkt\u00f8j &#8211; 5 dele<\/h2>\n<p>Se om vi har en <a href=\"https:\/\/bilshopping.dk\/592\">anmeldelse af Afmonteringsv\u00e6rkt\u00f8j &#8211; 5 dele<\/a>.<\/p>\n","protected":false},"excerpt":{"rendered":"<p>Afmonteringsv\u00e6rkt\u00f8j &#8211; 5 dele. S\u00e6t med plastv\u00e6rkt\u00f8j til sk\u00e5nsomt arbejde i f.eks. bilens kabine. Velegnet til f.eks at adskille bekl\u00e6dninger., Afmonteringsv\u00e6rkt\u00f8j &#8211; 5 dele.<\/p>\n","protected":false},"featured_media":5170,"comment_status":"closed","ping_status":"open","template":"","meta":{"_kad_post_transparent":"","_kad_post_title":"","_kad_post_layout":"","_kad_post_sidebar_id":"","_kad_post_content_style":"","_kad_post_vertical_padding":"","_kad_post_feature":"","_kad_post_feature_position":"","_kad_post_header":false,"_kad_post_footer":false},"product_cat":[3162,3262],"product_tag":[3164,3263,2988],"brand":[],"class_list":{"0":"post-5169","1":"product","2":"type-product","3":"status-publish","4":"has-post-thumbnail","6":"product_cat-bilstereo","7":"product_cat-diverse-tilbehoer","8":"product_tag-bilstereo","9":"product_tag-diverse-tilbehoer","10":"product_tag-los","12":"first","13":"instock","14":"product-type-external","15":"entry","16":"content-bg","17":"loop-entry"},"_links":{"self":[{"href":"https:\/\/bilshopping.dk\/index.php?rest_route=\/wp\/v2\/product\/5169","targetHints":{"allow":["GET"]}}],"collection":[{"href":"https:\/\/bilshopping.dk\/index.php?rest_route=\/wp\/v2\/product"}],"about":[{"href":"https:\/\/bilshopping.dk\/index.php?rest_route=\/wp\/v2\/types\/product"}],"replies":[{"embeddable":true,"href":"https:\/\/bilshopping.dk\/index.php?rest_route=%2Fwp%2Fv2%2Fcomments&post=5169"}],"wp:featuredmedia":[{"embeddable":true,"href":"https:\/\/bilshopping.dk\/index.php?rest_route=\/wp\/v2\/media\/5170"}],"wp:attachment":[{"href":"https:\/\/bilshopping.dk\/index.php?rest_route=%2Fwp%2Fv2%2Fmedia&parent=5169"}],"wp:term":[{"taxonomy":"product_cat","embeddable":true,"href":"https:\/\/bilshopping.dk\/index.php?rest_route=%2Fwp%2Fv2%2Fproduct_cat&post=5169"},{"taxonomy":"product_tag","embeddable":true,"href":"https:\/\/bilshopping.dk\/index.php?rest_route=%2Fwp%2Fv2%2Fproduct_tag&post=5169"},{"taxonomy":"brand","embeddable":true,"href":"https:\/\/bilshopping.dk\/index.php?rest_route=%2Fwp%2Fv2%2Fbrand&post=5169"}],"curies":[{"name":"wp","href":"https:\/\/api.w.org\/{rel}","templated":true}]}}