{"id":5261,"date":"2023-06-23T18:59:30","date_gmt":"2023-06-23T16:59:30","guid":{"rendered":"https:\/\/bilshopping.dk\/produkt\/autoglym-anti-bakteriel-rensevaeske-500-ml\/"},"modified":"2023-06-23T18:59:32","modified_gmt":"2023-06-23T16:59:32","slug":"autoglym-anti-bakteriel-rensevaeske-500-ml","status":"publish","type":"product","link":"https:\/\/bilshopping.dk\/?product=autoglym-anti-bakteriel-rensevaeske-500-ml","title":{"rendered":"Autoglym Anti-Bakteriel rensev\u00e6ske 500 ml."},"content":{"rendered":"<p>Produktid er <strong>1680<\/strong> og <strong>5016366002577<\/strong><\/p>\n<h2>Anmeldelse af Autoglym Anti-Bakteriel rensev\u00e6ske 500 ml.<\/h2>\n<p>Se om vi har en <a href=\"https:\/\/bilshopping.dk\/592\">anmeldelse af Autoglym Anti-Bakteriel rensev\u00e6ske 500 ml.<\/a>.<\/p>\n","protected":false},"excerpt":{"rendered":"<p>Autoglym Anti-Bakteriel rensev\u00e6ske 500 ml. dr\u00e6ber 99,9% af bakterierne, og opfylder EN 1276., Autoglym Anti-Bakteriel rensev\u00e6ske 500 ml..<\/p>\n","protected":false},"featured_media":5262,"comment_status":"closed","ping_status":"open","template":"","meta":{"_kad_post_transparent":"","_kad_post_title":"","_kad_post_layout":"","_kad_post_sidebar_id":"","_kad_post_content_style":"","_kad_post_vertical_padding":"","_kad_post_feature":"","_kad_post_feature_position":"","_kad_post_header":false,"_kad_post_footer":false},"product_cat":[3145,3152],"product_tag":[3147,3153,2988],"brand":[],"class_list":{"0":"post-5261","1":"product","2":"type-product","3":"status-publish","4":"has-post-thumbnail","6":"product_cat-bilpleje","7":"product_cat-indvendig-pleje","8":"product_tag-bilpleje","9":"product_tag-indvendig-pleje","10":"product_tag-los","12":"first","13":"instock","14":"product-type-external","15":"entry","16":"content-bg","17":"loop-entry"},"_links":{"self":[{"href":"https:\/\/bilshopping.dk\/index.php?rest_route=\/wp\/v2\/product\/5261","targetHints":{"allow":["GET"]}}],"collection":[{"href":"https:\/\/bilshopping.dk\/index.php?rest_route=\/wp\/v2\/product"}],"about":[{"href":"https:\/\/bilshopping.dk\/index.php?rest_route=\/wp\/v2\/types\/product"}],"replies":[{"embeddable":true,"href":"https:\/\/bilshopping.dk\/index.php?rest_route=%2Fwp%2Fv2%2Fcomments&post=5261"}],"wp:featuredmedia":[{"embeddable":true,"href":"https:\/\/bilshopping.dk\/index.php?rest_route=\/wp\/v2\/media\/5262"}],"wp:attachment":[{"href":"https:\/\/bilshopping.dk\/index.php?rest_route=%2Fwp%2Fv2%2Fmedia&parent=5261"}],"wp:term":[{"taxonomy":"product_cat","embeddable":true,"href":"https:\/\/bilshopping.dk\/index.php?rest_route=%2Fwp%2Fv2%2Fproduct_cat&post=5261"},{"taxonomy":"product_tag","embeddable":true,"href":"https:\/\/bilshopping.dk\/index.php?rest_route=%2Fwp%2Fv2%2Fproduct_tag&post=5261"},{"taxonomy":"brand","embeddable":true,"href":"https:\/\/bilshopping.dk\/index.php?rest_route=%2Fwp%2Fv2%2Fbrand&post=5261"}],"curies":[{"name":"wp","href":"https:\/\/api.w.org\/{rel}","templated":true}]}}