{"id":5263,"date":"2023-06-23T18:59:30","date_gmt":"2023-06-23T16:59:30","guid":{"rendered":"https:\/\/bilshopping.dk\/produkt\/alpine-style-x903ddu-fiat-ducato-2006-multimedia-navigation\/"},"modified":"2023-06-23T18:59:33","modified_gmt":"2023-06-23T16:59:33","slug":"alpine-style-x903ddu-fiat-ducato-2006-multimedia-navigation","status":"publish","type":"product","link":"https:\/\/bilshopping.dk\/?product=alpine-style-x903ddu-fiat-ducato-2006-multimedia-navigation","title":{"rendered":"Alpine Style X903DDU Fiat Ducato 2006- Multimedia Navigation"},"content":{"rendered":"<p>Produktid er <strong>1681<\/strong> og <strong>4958043622580<\/strong><\/p>\n<h2>Anmeldelse af Alpine Style X903DDU Fiat Ducato 2006- Multimedia Navigation<\/h2>\n<p>Se om vi har en <a href=\"https:\/\/bilshopping.dk\/592\">anmeldelse af Alpine Style X903DDU Fiat Ducato 2006- Multimedia Navigation<\/a>.<\/p>\n","protected":false},"excerpt":{"rendered":"<p>Alpine Style X903DDU Fiat Ducato 2006- Multimedia Navigation er udstyret med en 9-tommer touchsk\u00e6rm, som er monteret udskudt fra instrumentbordet, s\u00e5 den er nem at n\u00e5 b\u00e5de fra f\u00f8rers\u00e6det og fra passagersiden.<br \/>\nMed Alpine X903D-DU f\u00e5r du en topmoderne enhed, Alpine Style X903DDU Fiat Ducato 2006- Multimedia Navigation.<\/p>\n","protected":false},"featured_media":5264,"comment_status":"closed","ping_status":"open","template":"","meta":{"_kad_post_transparent":"","_kad_post_title":"","_kad_post_layout":"","_kad_post_sidebar_id":"","_kad_post_content_style":"","_kad_post_vertical_padding":"","_kad_post_feature":"","_kad_post_feature_position":"","_kad_post_header":false,"_kad_post_footer":false},"product_cat":[3162,3278,3189],"product_tag":[3164,3279,2988,3190],"brand":[],"class_list":{"0":"post-5263","1":"product","2":"type-product","3":"status-publish","4":"has-post-thumbnail","6":"product_cat-bilstereo","7":"product_cat-fiat","8":"product_cat-navigation-til-bil","9":"product_tag-bilstereo","10":"product_tag-fiat","11":"product_tag-los","12":"product_tag-navigation-til-bil","14":"first","15":"instock","16":"sale","17":"product-type-external","18":"entry","19":"content-bg","20":"loop-entry"},"_links":{"self":[{"href":"https:\/\/bilshopping.dk\/index.php?rest_route=\/wp\/v2\/product\/5263","targetHints":{"allow":["GET"]}}],"collection":[{"href":"https:\/\/bilshopping.dk\/index.php?rest_route=\/wp\/v2\/product"}],"about":[{"href":"https:\/\/bilshopping.dk\/index.php?rest_route=\/wp\/v2\/types\/product"}],"replies":[{"embeddable":true,"href":"https:\/\/bilshopping.dk\/index.php?rest_route=%2Fwp%2Fv2%2Fcomments&post=5263"}],"wp:featuredmedia":[{"embeddable":true,"href":"https:\/\/bilshopping.dk\/index.php?rest_route=\/wp\/v2\/media\/5264"}],"wp:attachment":[{"href":"https:\/\/bilshopping.dk\/index.php?rest_route=%2Fwp%2Fv2%2Fmedia&parent=5263"}],"wp:term":[{"taxonomy":"product_cat","embeddable":true,"href":"https:\/\/bilshopping.dk\/index.php?rest_route=%2Fwp%2Fv2%2Fproduct_cat&post=5263"},{"taxonomy":"product_tag","embeddable":true,"href":"https:\/\/bilshopping.dk\/index.php?rest_route=%2Fwp%2Fv2%2Fproduct_tag&post=5263"},{"taxonomy":"brand","embeddable":true,"href":"https:\/\/bilshopping.dk\/index.php?rest_route=%2Fwp%2Fv2%2Fbrand&post=5263"}],"curies":[{"name":"wp","href":"https:\/\/api.w.org\/{rel}","templated":true}]}}