{"id":5269,"date":"2023-06-23T18:59:30","date_gmt":"2023-06-23T16:59:30","guid":{"rendered":"https:\/\/bilshopping.dk\/produkt\/audison-sr-1-500-mono-forstaerker\/"},"modified":"2023-06-23T18:59:34","modified_gmt":"2023-06-23T16:59:34","slug":"audison-sr-1-500-mono-forstaerker","status":"publish","type":"product","link":"https:\/\/bilshopping.dk\/?product=audison-sr-1-500-mono-forstaerker","title":{"rendered":"Audison SR 1.500 mono forst\u00e6rker"},"content":{"rendered":"<p>Produktid er <strong>1685<\/strong> og <strong>8018823132916<\/strong><\/p>\n<h2>Anmeldelse af Audison SR 1.500 mono forst\u00e6rker<\/h2>\n<p>Se om vi har en <a href=\"https:\/\/bilshopping.dk\/592\">anmeldelse af Audison SR 1.500 mono forst\u00e6rker<\/a>.<\/p>\n","protected":false},"excerpt":{"rendered":"<p>Audison SR 1.500 mono forst\u00e6rker er en Super kraftig forst\u00e6rker &#8211; i kompakt st\u00f8rrelse!<br \/>\nAudison SR 1.500 er udstyret med USS (universal Speakers simulator) som sikrer at forst\u00e6rkeren kan spille i enhver ops\u00e6tning.<br \/>\nAudison SR 1.500 forst\u00e6rkeren er udstyret, Audison SR 1.500 mono forst\u00e6rker.<\/p>\n","protected":false},"featured_media":5270,"comment_status":"closed","ping_status":"open","template":"","meta":{"_kad_post_transparent":"","_kad_post_title":"","_kad_post_layout":"","_kad_post_sidebar_id":"","_kad_post_content_style":"","_kad_post_vertical_padding":"","_kad_post_feature":"","_kad_post_feature_position":"","_kad_post_header":false,"_kad_post_footer":false},"product_cat":[3162,3176],"product_tag":[3164,3177,2988],"brand":[],"class_list":{"0":"post-5269","1":"product","2":"type-product","3":"status-publish","4":"has-post-thumbnail","6":"product_cat-bilstereo","7":"product_cat-forstaerkere","8":"product_tag-bilstereo","9":"product_tag-forstaerkere","10":"product_tag-los","12":"first","13":"instock","14":"product-type-external","15":"entry","16":"content-bg","17":"loop-entry"},"_links":{"self":[{"href":"https:\/\/bilshopping.dk\/index.php?rest_route=\/wp\/v2\/product\/5269","targetHints":{"allow":["GET"]}}],"collection":[{"href":"https:\/\/bilshopping.dk\/index.php?rest_route=\/wp\/v2\/product"}],"about":[{"href":"https:\/\/bilshopping.dk\/index.php?rest_route=\/wp\/v2\/types\/product"}],"replies":[{"embeddable":true,"href":"https:\/\/bilshopping.dk\/index.php?rest_route=%2Fwp%2Fv2%2Fcomments&post=5269"}],"wp:featuredmedia":[{"embeddable":true,"href":"https:\/\/bilshopping.dk\/index.php?rest_route=\/wp\/v2\/media\/5270"}],"wp:attachment":[{"href":"https:\/\/bilshopping.dk\/index.php?rest_route=%2Fwp%2Fv2%2Fmedia&parent=5269"}],"wp:term":[{"taxonomy":"product_cat","embeddable":true,"href":"https:\/\/bilshopping.dk\/index.php?rest_route=%2Fwp%2Fv2%2Fproduct_cat&post=5269"},{"taxonomy":"product_tag","embeddable":true,"href":"https:\/\/bilshopping.dk\/index.php?rest_route=%2Fwp%2Fv2%2Fproduct_tag&post=5269"},{"taxonomy":"brand","embeddable":true,"href":"https:\/\/bilshopping.dk\/index.php?rest_route=%2Fwp%2Fv2%2Fbrand&post=5269"}],"curies":[{"name":"wp","href":"https:\/\/api.w.org\/{rel}","templated":true}]}}