{"id":5417,"date":"2023-06-23T19:04:29","date_gmt":"2023-06-23T17:04:29","guid":{"rendered":"https:\/\/bilshopping.dk\/produkt\/motip-faelgspray-soelv-500-ml\/"},"modified":"2023-06-23T19:04:34","modified_gmt":"2023-06-23T17:04:34","slug":"motip-faelgspray-soelv-500-ml","status":"publish","type":"product","link":"https:\/\/bilshopping.dk\/?product=motip-faelgspray-soelv-500-ml","title":{"rendered":"MOTIP F\u00e6lgspray &#8211; s\u00f8lv &#8211; 500 ml."},"content":{"rendered":"<p>Produktid er <strong>1777<\/strong> og <strong>8711347040070<\/strong><\/p>\n<h2>Anmeldelse af MOTIP F\u00e6lgspray &#8211; s\u00f8lv &#8211; 500 ml.<\/h2>\n<p>Se om vi har en <a href=\"https:\/\/bilshopping.dk\/592\">anmeldelse af MOTIP F\u00e6lgspray &#8211; s\u00f8lv &#8211; 500 ml.<\/a>.<\/p>\n","protected":false},"excerpt":{"rendered":"<p>Motip s\u00f8lv\u00c2\u00a0f\u00e6lgmaling er en hurtigt\u00f8rrende akryllak med varig glans, som kan anvendes p\u00e5 st\u00e5l- og letmetalf\u00e6lge, samt navkapsler., MOTIP F\u00e6lgspray &#8211; s\u00f8lv &#8211; 500 ml..<\/p>\n","protected":false},"featured_media":5418,"comment_status":"closed","ping_status":"open","template":"","meta":{"_kad_post_transparent":"","_kad_post_title":"","_kad_post_layout":"","_kad_post_sidebar_id":"","_kad_post_content_style":"","_kad_post_vertical_padding":"","_kad_post_feature":"","_kad_post_feature_position":"","_kad_post_header":false,"_kad_post_footer":false},"product_cat":[3127,3141],"product_tag":[2988,3129,3142],"brand":[],"class_list":{"0":"post-5417","1":"product","2":"type-product","3":"status-publish","4":"has-post-thumbnail","6":"product_cat-olie-kemi","7":"product_cat-spray","8":"product_tag-los","9":"product_tag-olie-kemi","10":"product_tag-spray","12":"first","13":"instock","14":"product-type-external","15":"entry","16":"content-bg","17":"loop-entry"},"_links":{"self":[{"href":"https:\/\/bilshopping.dk\/index.php?rest_route=\/wp\/v2\/product\/5417","targetHints":{"allow":["GET"]}}],"collection":[{"href":"https:\/\/bilshopping.dk\/index.php?rest_route=\/wp\/v2\/product"}],"about":[{"href":"https:\/\/bilshopping.dk\/index.php?rest_route=\/wp\/v2\/types\/product"}],"replies":[{"embeddable":true,"href":"https:\/\/bilshopping.dk\/index.php?rest_route=%2Fwp%2Fv2%2Fcomments&post=5417"}],"wp:featuredmedia":[{"embeddable":true,"href":"https:\/\/bilshopping.dk\/index.php?rest_route=\/wp\/v2\/media\/5418"}],"wp:attachment":[{"href":"https:\/\/bilshopping.dk\/index.php?rest_route=%2Fwp%2Fv2%2Fmedia&parent=5417"}],"wp:term":[{"taxonomy":"product_cat","embeddable":true,"href":"https:\/\/bilshopping.dk\/index.php?rest_route=%2Fwp%2Fv2%2Fproduct_cat&post=5417"},{"taxonomy":"product_tag","embeddable":true,"href":"https:\/\/bilshopping.dk\/index.php?rest_route=%2Fwp%2Fv2%2Fproduct_tag&post=5417"},{"taxonomy":"brand","embeddable":true,"href":"https:\/\/bilshopping.dk\/index.php?rest_route=%2Fwp%2Fv2%2Fbrand&post=5417"}],"curies":[{"name":"wp","href":"https:\/\/api.w.org\/{rel}","templated":true}]}}