{"id":5540,"date":"2023-06-23T19:07:32","date_gmt":"2023-06-23T17:07:32","guid":{"rendered":"https:\/\/bilshopping.dk\/produkt\/ta-technix-taarnstiver-seat-leon-1p-aargang-2005-2012\/"},"modified":"2023-06-23T19:07:58","modified_gmt":"2023-06-23T17:07:58","slug":"ta-technix-taarnstiver-seat-leon-1p-aargang-2005-2012","status":"publish","type":"product","link":"https:\/\/bilshopping.dk\/?product=ta-technix-taarnstiver-seat-leon-1p-aargang-2005-2012","title":{"rendered":"TA Technix T\u00e5rnstiver Seat Leon 1P \u00e5rgang 2005-2012"},"content":{"rendered":"<p>Produktid er <strong>1846<\/strong> og <strong>4250570601275<\/strong><\/p>\n<h2>Anmeldelse af TA Technix T\u00e5rnstiver Seat Leon 1P \u00e5rgang 2005-2012<\/h2>\n<p>Se om vi har en <a href=\"https:\/\/bilshopping.dk\/592\">anmeldelse af TA Technix T\u00e5rnstiver Seat Leon 1P \u00e5rgang 2005-2012<\/a>.<\/p>\n","protected":false},"excerpt":{"rendered":"<p>Passer til:<br \/>\nSeat Leon, Type 1P<br \/>\n\u00c5rgang: 2005-2012, TA Technix T\u00e5rnstiver Seat Leon 1P \u00e5rgang 2005-2012.<\/p>\n","protected":false},"featured_media":5541,"comment_status":"closed","ping_status":"open","template":"","meta":{"_kad_post_transparent":"","_kad_post_title":"","_kad_post_layout":"","_kad_post_sidebar_id":"","_kad_post_content_style":"","_kad_post_vertical_padding":"","_kad_post_feature":"","_kad_post_feature_position":"","_kad_post_header":false,"_kad_post_footer":false},"product_cat":[3284,3290],"product_tag":[2988,3286,3291],"brand":[],"class_list":{"0":"post-5540","1":"product","2":"type-product","3":"status-publish","4":"has-post-thumbnail","6":"product_cat-styling","7":"product_cat-taarnstivere","8":"product_tag-los","9":"product_tag-styling","10":"product_tag-taarnstivere","12":"first","13":"instock","14":"sale","15":"product-type-external","16":"entry","17":"content-bg","18":"loop-entry"},"_links":{"self":[{"href":"https:\/\/bilshopping.dk\/index.php?rest_route=\/wp\/v2\/product\/5540","targetHints":{"allow":["GET"]}}],"collection":[{"href":"https:\/\/bilshopping.dk\/index.php?rest_route=\/wp\/v2\/product"}],"about":[{"href":"https:\/\/bilshopping.dk\/index.php?rest_route=\/wp\/v2\/types\/product"}],"replies":[{"embeddable":true,"href":"https:\/\/bilshopping.dk\/index.php?rest_route=%2Fwp%2Fv2%2Fcomments&post=5540"}],"wp:featuredmedia":[{"embeddable":true,"href":"https:\/\/bilshopping.dk\/index.php?rest_route=\/wp\/v2\/media\/5541"}],"wp:attachment":[{"href":"https:\/\/bilshopping.dk\/index.php?rest_route=%2Fwp%2Fv2%2Fmedia&parent=5540"}],"wp:term":[{"taxonomy":"product_cat","embeddable":true,"href":"https:\/\/bilshopping.dk\/index.php?rest_route=%2Fwp%2Fv2%2Fproduct_cat&post=5540"},{"taxonomy":"product_tag","embeddable":true,"href":"https:\/\/bilshopping.dk\/index.php?rest_route=%2Fwp%2Fv2%2Fproduct_tag&post=5540"},{"taxonomy":"brand","embeddable":true,"href":"https:\/\/bilshopping.dk\/index.php?rest_route=%2Fwp%2Fv2%2Fbrand&post=5540"}],"curies":[{"name":"wp","href":"https:\/\/api.w.org\/{rel}","templated":true}]}}