{"id":5550,"date":"2023-06-23T19:07:32","date_gmt":"2023-06-23T17:07:32","guid":{"rendered":"https:\/\/bilshopping.dk\/produkt\/autoglym-polarsaet-xl-inkl-karcher-k-serie-skumlanse\/"},"modified":"2023-06-23T19:08:17","modified_gmt":"2023-06-23T17:08:17","slug":"autoglym-polarsaet-xl-inkl-karcher-k-serie-skumlanse","status":"publish","type":"product","link":"https:\/\/bilshopping.dk\/?product=autoglym-polarsaet-xl-inkl-karcher-k-serie-skumlanse","title":{"rendered":"Autoglym Polars\u00e6t &#8211; XL inkl. K\u00e4rcher K-Serie Skumlanse"},"content":{"rendered":"<p>Produktid er <strong>1853<\/strong> og <strong><\/strong><\/p>\n<h2>Anmeldelse af Autoglym Polars\u00e6t &#8211; XL inkl. K\u00e4rcher K-Serie Skumlanse<\/h2>\n<p>Se om vi har en <a href=\"https:\/\/bilshopping.dk\/592\">anmeldelse af Autoglym Polars\u00e6t &#8211; XL inkl. K\u00e4rcher K-Serie Skumlanse<\/a>.<\/p>\n","protected":false},"excerpt":{"rendered":"<p>K\u00f8b Autoglym Polars\u00e6t XL og f\u00e5 en\u00c2\u00a0K\u00e4rcher K-Serie Skumlanse\u00c2\u00a0til\u00c2\u00a01\/2 pris!<br \/>\n\u00c2\u00a0<br \/>\nS\u00e6ttet\u00c2\u00a0indeholder til forvask, vask og en sealer. Alle tre produkter er specielt designet til brug med h\u00f8jtryksrenser og skumlanse.<br \/>\nDerudover f\u00e5r du ogs\u00e5 den effektive\u00c2\u00a0K\u00e4rch, Autoglym Polars\u00e6t &#8211; XL inkl. K\u00e4rcher K-Serie Skumlanse.<\/p>\n","protected":false},"featured_media":5551,"comment_status":"closed","ping_status":"open","template":"","meta":{"_kad_post_transparent":"","_kad_post_title":"","_kad_post_layout":"","_kad_post_sidebar_id":"","_kad_post_content_style":"","_kad_post_vertical_padding":"","_kad_post_feature":"","_kad_post_feature_position":"","_kad_post_header":false,"_kad_post_footer":false},"product_cat":[3145,3146],"product_tag":[3147,2988,3148],"brand":[],"class_list":{"0":"post-5550","1":"product","2":"type-product","3":"status-publish","4":"has-post-thumbnail","6":"product_cat-bilpleje","7":"product_cat-vaskeprodukter","8":"product_tag-bilpleje","9":"product_tag-los","10":"product_tag-vaskeprodukter","12":"first","13":"instock","14":"sale","15":"product-type-external","16":"entry","17":"content-bg","18":"loop-entry"},"_links":{"self":[{"href":"https:\/\/bilshopping.dk\/index.php?rest_route=\/wp\/v2\/product\/5550","targetHints":{"allow":["GET"]}}],"collection":[{"href":"https:\/\/bilshopping.dk\/index.php?rest_route=\/wp\/v2\/product"}],"about":[{"href":"https:\/\/bilshopping.dk\/index.php?rest_route=\/wp\/v2\/types\/product"}],"replies":[{"embeddable":true,"href":"https:\/\/bilshopping.dk\/index.php?rest_route=%2Fwp%2Fv2%2Fcomments&post=5550"}],"wp:featuredmedia":[{"embeddable":true,"href":"https:\/\/bilshopping.dk\/index.php?rest_route=\/wp\/v2\/media\/5551"}],"wp:attachment":[{"href":"https:\/\/bilshopping.dk\/index.php?rest_route=%2Fwp%2Fv2%2Fmedia&parent=5550"}],"wp:term":[{"taxonomy":"product_cat","embeddable":true,"href":"https:\/\/bilshopping.dk\/index.php?rest_route=%2Fwp%2Fv2%2Fproduct_cat&post=5550"},{"taxonomy":"product_tag","embeddable":true,"href":"https:\/\/bilshopping.dk\/index.php?rest_route=%2Fwp%2Fv2%2Fproduct_tag&post=5550"},{"taxonomy":"brand","embeddable":true,"href":"https:\/\/bilshopping.dk\/index.php?rest_route=%2Fwp%2Fv2%2Fbrand&post=5550"}],"curies":[{"name":"wp","href":"https:\/\/api.w.org\/{rel}","templated":true}]}}