{"id":5563,"date":"2023-06-23T19:08:25","date_gmt":"2023-06-23T17:08:25","guid":{"rendered":"https:\/\/bilshopping.dk\/produkt\/sportsluftfilter-universal\/"},"modified":"2023-06-23T19:08:30","modified_gmt":"2023-06-23T17:08:30","slug":"sportsluftfilter-universal","status":"publish","type":"product","link":"https:\/\/bilshopping.dk\/?product=sportsluftfilter-universal","title":{"rendered":"Sportsluftfilter universal"},"content":{"rendered":"<p>Produktid er <strong>1865<\/strong> og <strong><\/strong><\/p>\n<h2>Anmeldelse af Sportsluftfilter universal<\/h2>\n<p>Se om vi har en <a href=\"https:\/\/bilshopping.dk\/592\">anmeldelse af Sportsluftfilter universal<\/a>.<\/p>\n","protected":false},"excerpt":{"rendered":"<p>L\u00e6kkert \u00e5bent luftfilter, der udover nem tilpasning med de medf\u00f8lgende adaptere, ogs\u00e5 giver en rigtig spr\u00f8d og sporty lyd.<br \/>\nDe medf\u00f8lgende 3\u00c2\u00a0adaptere er egnet til \u00f8 60, 65 og 70\u00c2\u00a0mm<br \/>\n\u00c2\u00a0, Sportsluftfilter universal.<\/p>\n","protected":false},"featured_media":5564,"comment_status":"closed","ping_status":"open","template":"","meta":{"_kad_post_transparent":"","_kad_post_title":"","_kad_post_layout":"","_kad_post_sidebar_id":"","_kad_post_content_style":"","_kad_post_vertical_padding":"","_kad_post_feature":"","_kad_post_feature_position":"","_kad_post_header":false,"_kad_post_footer":false},"product_cat":[3297,3207],"product_tag":[2988,3298,3209],"brand":[],"class_list":{"0":"post-5563","1":"product","2":"type-product","3":"status-publish","4":"has-post-thumbnail","6":"product_cat-luftfiltre","7":"product_cat-udvendig-tilbehoer","8":"product_tag-los","9":"product_tag-luftfiltre","10":"product_tag-udvendig-tilbehoer","12":"first","13":"instock","14":"product-type-external","15":"entry","16":"content-bg","17":"loop-entry"},"_links":{"self":[{"href":"https:\/\/bilshopping.dk\/index.php?rest_route=\/wp\/v2\/product\/5563","targetHints":{"allow":["GET"]}}],"collection":[{"href":"https:\/\/bilshopping.dk\/index.php?rest_route=\/wp\/v2\/product"}],"about":[{"href":"https:\/\/bilshopping.dk\/index.php?rest_route=\/wp\/v2\/types\/product"}],"replies":[{"embeddable":true,"href":"https:\/\/bilshopping.dk\/index.php?rest_route=%2Fwp%2Fv2%2Fcomments&post=5563"}],"wp:featuredmedia":[{"embeddable":true,"href":"https:\/\/bilshopping.dk\/index.php?rest_route=\/wp\/v2\/media\/5564"}],"wp:attachment":[{"href":"https:\/\/bilshopping.dk\/index.php?rest_route=%2Fwp%2Fv2%2Fmedia&parent=5563"}],"wp:term":[{"taxonomy":"product_cat","embeddable":true,"href":"https:\/\/bilshopping.dk\/index.php?rest_route=%2Fwp%2Fv2%2Fproduct_cat&post=5563"},{"taxonomy":"product_tag","embeddable":true,"href":"https:\/\/bilshopping.dk\/index.php?rest_route=%2Fwp%2Fv2%2Fproduct_tag&post=5563"},{"taxonomy":"brand","embeddable":true,"href":"https:\/\/bilshopping.dk\/index.php?rest_route=%2Fwp%2Fv2%2Fbrand&post=5563"}],"curies":[{"name":"wp","href":"https:\/\/api.w.org\/{rel}","templated":true}]}}