{"id":5574,"date":"2023-06-23T19:08:25","date_gmt":"2023-06-23T17:08:25","guid":{"rendered":"https:\/\/bilshopping.dk\/produkt\/powerlight-xenon-kit-h3-6000k\/"},"modified":"2023-06-23T19:08:35","modified_gmt":"2023-06-23T17:08:35","slug":"powerlight-xenon-kit-h3-6000k","status":"publish","type":"product","link":"https:\/\/bilshopping.dk\/?product=powerlight-xenon-kit-h3-6000k","title":{"rendered":"Powerlight Xenon kit H3 6000K"},"content":{"rendered":"<p>Produktid er <strong>1885<\/strong> og <strong><\/strong><\/p>\n<h2>Anmeldelse af Powerlight Xenon kit H3 6000K<\/h2>\n<p>Se om vi har en <a href=\"https:\/\/bilshopping.dk\/592\">anmeldelse af Powerlight Xenon kit H3 6000K<\/a>.<\/p>\n","protected":false},"excerpt":{"rendered":"<p>Ombygningss\u00e6t, som \u00e6ndrer dit almindelige halogenlys til Xenon-lys. Giver et kraftigt hvidt lys med bl\u00e5lig toning.<br \/>\nS\u00e6ttet indeholder 2 stk. HID p\u00e6rer., Powerlight Xenon kit H3 6000K.<\/p>\n","protected":false},"featured_media":5575,"comment_status":"closed","ping_status":"open","template":"","meta":{"_kad_post_transparent":"","_kad_post_title":"","_kad_post_layout":"","_kad_post_sidebar_id":"","_kad_post_content_style":"","_kad_post_vertical_padding":"","_kad_post_feature":"","_kad_post_feature_position":"","_kad_post_header":false,"_kad_post_footer":false},"product_cat":[3292,3299],"product_tag":[2988,3294,3209],"brand":[],"class_list":{"0":"post-5574","1":"product","2":"type-product","3":"status-publish","4":"has-post-thumbnail","6":"product_cat-outlet","7":"product_cat-udvendig-tilbehoer-outlet","8":"product_tag-los","9":"product_tag-outlet","10":"product_tag-udvendig-tilbehoer","12":"first","13":"instock","14":"sale","15":"product-type-external","16":"entry","17":"content-bg","18":"loop-entry"},"_links":{"self":[{"href":"https:\/\/bilshopping.dk\/index.php?rest_route=\/wp\/v2\/product\/5574","targetHints":{"allow":["GET"]}}],"collection":[{"href":"https:\/\/bilshopping.dk\/index.php?rest_route=\/wp\/v2\/product"}],"about":[{"href":"https:\/\/bilshopping.dk\/index.php?rest_route=\/wp\/v2\/types\/product"}],"replies":[{"embeddable":true,"href":"https:\/\/bilshopping.dk\/index.php?rest_route=%2Fwp%2Fv2%2Fcomments&post=5574"}],"wp:featuredmedia":[{"embeddable":true,"href":"https:\/\/bilshopping.dk\/index.php?rest_route=\/wp\/v2\/media\/5575"}],"wp:attachment":[{"href":"https:\/\/bilshopping.dk\/index.php?rest_route=%2Fwp%2Fv2%2Fmedia&parent=5574"}],"wp:term":[{"taxonomy":"product_cat","embeddable":true,"href":"https:\/\/bilshopping.dk\/index.php?rest_route=%2Fwp%2Fv2%2Fproduct_cat&post=5574"},{"taxonomy":"product_tag","embeddable":true,"href":"https:\/\/bilshopping.dk\/index.php?rest_route=%2Fwp%2Fv2%2Fproduct_tag&post=5574"},{"taxonomy":"brand","embeddable":true,"href":"https:\/\/bilshopping.dk\/index.php?rest_route=%2Fwp%2Fv2%2Fbrand&post=5574"}],"curies":[{"name":"wp","href":"https:\/\/api.w.org\/{rel}","templated":true}]}}