{"id":5590,"date":"2023-06-23T19:08:25","date_gmt":"2023-06-23T17:08:25","guid":{"rendered":"https:\/\/bilshopping.dk\/produkt\/autoglym-faelgrens-wheel-cleaning-mousse-500-ml-spray\/"},"modified":"2023-06-23T19:09:17","modified_gmt":"2023-06-23T17:09:17","slug":"autoglym-faelgrens-wheel-cleaning-mousse-500-ml-spray","status":"publish","type":"product","link":"https:\/\/bilshopping.dk\/?product=autoglym-faelgrens-wheel-cleaning-mousse-500-ml-spray","title":{"rendered":"Autoglym F\u00e6lgrens &#8211; Wheel cleaning mousse 500 ml. spray"},"content":{"rendered":"<p>Produktid er <strong>1895<\/strong> og <strong>5016366006384<\/strong><\/p>\n<h2>Anmeldelse af Autoglym F\u00e6lgrens &#8211; Wheel cleaning mousse 500 ml. spray<\/h2>\n<p>Se om vi har en <a href=\"https:\/\/bilshopping.dk\/592\">anmeldelse af Autoglym F\u00e6lgrens &#8211; Wheel cleaning mousse 500 ml. spray<\/a>.<\/p>\n","protected":false},"excerpt":{"rendered":"<p>En effektiv og sikker f\u00e6lgrens, hvor man d\u00e6kker f\u00e6lg og d\u00e6k i en tyk rensende skum. Skummet g\u00f8r det muligt at reng\u00f8re sv\u00e6re omr\u00e5der p\u00e5 f\u00e6lgene, og skummet skifter farve, n\u00e5r den er klar til at blive skyllet af. Skummet er PH neutral, og sikker i brug p\u00e5 a, Autoglym F\u00e6lgrens &#8211; Wheel cleaning mousse 500 ml. spray.<\/p>\n","protected":false},"featured_media":5591,"comment_status":"closed","ping_status":"open","template":"","meta":{"_kad_post_transparent":"","_kad_post_title":"","_kad_post_layout":"","_kad_post_sidebar_id":"","_kad_post_content_style":"","_kad_post_vertical_padding":"","_kad_post_feature":"","_kad_post_feature_position":"","_kad_post_header":false,"_kad_post_footer":false},"product_cat":[3145,3158],"product_tag":[3147,3159,2988],"brand":[],"class_list":{"0":"post-5590","1":"product","2":"type-product","3":"status-publish","4":"has-post-thumbnail","6":"product_cat-bilpleje","7":"product_cat-daek-faelg-pleje","8":"product_tag-bilpleje","9":"product_tag-daek-faelg-pleje","10":"product_tag-los","12":"first","13":"instock","14":"product-type-external","15":"entry","16":"content-bg","17":"loop-entry"},"_links":{"self":[{"href":"https:\/\/bilshopping.dk\/index.php?rest_route=\/wp\/v2\/product\/5590","targetHints":{"allow":["GET"]}}],"collection":[{"href":"https:\/\/bilshopping.dk\/index.php?rest_route=\/wp\/v2\/product"}],"about":[{"href":"https:\/\/bilshopping.dk\/index.php?rest_route=\/wp\/v2\/types\/product"}],"replies":[{"embeddable":true,"href":"https:\/\/bilshopping.dk\/index.php?rest_route=%2Fwp%2Fv2%2Fcomments&post=5590"}],"wp:featuredmedia":[{"embeddable":true,"href":"https:\/\/bilshopping.dk\/index.php?rest_route=\/wp\/v2\/media\/5591"}],"wp:attachment":[{"href":"https:\/\/bilshopping.dk\/index.php?rest_route=%2Fwp%2Fv2%2Fmedia&parent=5590"}],"wp:term":[{"taxonomy":"product_cat","embeddable":true,"href":"https:\/\/bilshopping.dk\/index.php?rest_route=%2Fwp%2Fv2%2Fproduct_cat&post=5590"},{"taxonomy":"product_tag","embeddable":true,"href":"https:\/\/bilshopping.dk\/index.php?rest_route=%2Fwp%2Fv2%2Fproduct_tag&post=5590"},{"taxonomy":"brand","embeddable":true,"href":"https:\/\/bilshopping.dk\/index.php?rest_route=%2Fwp%2Fv2%2Fbrand&post=5590"}],"curies":[{"name":"wp","href":"https:\/\/api.w.org\/{rel}","templated":true}]}}