{"id":5657,"date":"2023-06-23T19:10:38","date_gmt":"2023-06-23T17:10:38","guid":{"rendered":"https:\/\/bilshopping.dk\/produkt\/jom-taarnstiver-bmw-serie-1-f20-og-f21-aargang-2011\/"},"modified":"2023-06-23T19:11:21","modified_gmt":"2023-06-23T17:11:21","slug":"jom-taarnstiver-bmw-serie-1-f20-og-f21-aargang-2011","status":"publish","type":"product","link":"https:\/\/bilshopping.dk\/?product=jom-taarnstiver-bmw-serie-1-f20-og-f21-aargang-2011","title":{"rendered":"JOM T\u00e5rnstiver BMW serie 1 F20 og F21 \u00e5rgang 2011-"},"content":{"rendered":"<p>Produktid er <strong>1944<\/strong> og <strong>4048961110426<\/strong><\/p>\n<h2>Anmeldelse af JOM T\u00e5rnstiver BMW serie 1 F20 og F21 \u00e5rgang 2011-<\/h2>\n<p>Se om vi har en <a href=\"https:\/\/bilshopping.dk\/592\">anmeldelse af JOM T\u00e5rnstiver BMW serie 1 F20 og F21 \u00e5rgang 2011-<\/a>.<\/p>\n","protected":false},"excerpt":{"rendered":"<p>Materiale:\u00c2\u00a0Poleret aluminium<br \/>\nMontering position: Foran \u00f8verst<br \/>\n3 dele<br \/>\nMonteres p\u00e5 eksisterende monterings positioner, JOM T\u00e5rnstiver BMW serie 1 F20 og F21 \u00e5rgang 2011-.<\/p>\n","protected":false},"featured_media":5658,"comment_status":"closed","ping_status":"open","template":"","meta":{"_kad_post_transparent":"","_kad_post_title":"","_kad_post_layout":"","_kad_post_sidebar_id":"","_kad_post_content_style":"","_kad_post_vertical_padding":"","_kad_post_feature":"","_kad_post_feature_position":"","_kad_post_header":false,"_kad_post_footer":false},"product_cat":[3284,3290],"product_tag":[2988,3286,3291],"brand":[],"class_list":{"0":"post-5657","1":"product","2":"type-product","3":"status-publish","4":"has-post-thumbnail","6":"product_cat-styling","7":"product_cat-taarnstivere","8":"product_tag-los","9":"product_tag-styling","10":"product_tag-taarnstivere","12":"first","13":"instock","14":"sale","15":"product-type-external","16":"entry","17":"content-bg","18":"loop-entry"},"_links":{"self":[{"href":"https:\/\/bilshopping.dk\/index.php?rest_route=\/wp\/v2\/product\/5657","targetHints":{"allow":["GET"]}}],"collection":[{"href":"https:\/\/bilshopping.dk\/index.php?rest_route=\/wp\/v2\/product"}],"about":[{"href":"https:\/\/bilshopping.dk\/index.php?rest_route=\/wp\/v2\/types\/product"}],"replies":[{"embeddable":true,"href":"https:\/\/bilshopping.dk\/index.php?rest_route=%2Fwp%2Fv2%2Fcomments&post=5657"}],"wp:featuredmedia":[{"embeddable":true,"href":"https:\/\/bilshopping.dk\/index.php?rest_route=\/wp\/v2\/media\/5658"}],"wp:attachment":[{"href":"https:\/\/bilshopping.dk\/index.php?rest_route=%2Fwp%2Fv2%2Fmedia&parent=5657"}],"wp:term":[{"taxonomy":"product_cat","embeddable":true,"href":"https:\/\/bilshopping.dk\/index.php?rest_route=%2Fwp%2Fv2%2Fproduct_cat&post=5657"},{"taxonomy":"product_tag","embeddable":true,"href":"https:\/\/bilshopping.dk\/index.php?rest_route=%2Fwp%2Fv2%2Fproduct_tag&post=5657"},{"taxonomy":"brand","embeddable":true,"href":"https:\/\/bilshopping.dk\/index.php?rest_route=%2Fwp%2Fv2%2Fbrand&post=5657"}],"curies":[{"name":"wp","href":"https:\/\/api.w.org\/{rel}","templated":true}]}}