{"id":5665,"date":"2023-06-23T19:10:38","date_gmt":"2023-06-23T17:10:38","guid":{"rendered":"https:\/\/bilshopping.dk\/produkt\/foliatec-bremsekaliber-maling-saet-rs-blaa\/"},"modified":"2023-06-23T19:11:38","modified_gmt":"2023-06-23T17:11:38","slug":"foliatec-bremsekaliber-maling-saet-rs-blaa","status":"publish","type":"product","link":"https:\/\/bilshopping.dk\/?product=foliatec-bremsekaliber-maling-saet-rs-blaa","title":{"rendered":"Foliatec Bremsekaliber maling s\u00e6t &#8211; RS Bl\u00e5"},"content":{"rendered":"<p>Produktid er <strong>1948<\/strong> og <strong>4002581021623<\/strong><\/p>\n<h2>Anmeldelse af Foliatec Bremsekaliber maling s\u00e6t &#8211; RS Bl\u00e5<\/h2>\n<p>Se om vi har en <a href=\"https:\/\/bilshopping.dk\/592\">anmeldelse af Foliatec Bremsekaliber maling s\u00e6t &#8211; RS Bl\u00e5<\/a>.<\/p>\n","protected":false},"excerpt":{"rendered":"<p>Mal dine kalibre, bremsetromler og lignende, og giv bilen et dynamisk udseende.<br \/>\n2-komponent, komplet s\u00e6t klar til brug., Foliatec Bremsekaliber maling s\u00e6t &#8211; RS Bl\u00e5.<\/p>\n","protected":false},"featured_media":5666,"comment_status":"closed","ping_status":"open","template":"","meta":{"_kad_post_transparent":"","_kad_post_title":"","_kad_post_layout":"","_kad_post_sidebar_id":"","_kad_post_content_style":"","_kad_post_vertical_padding":"","_kad_post_feature":"","_kad_post_feature_position":"","_kad_post_header":false,"_kad_post_footer":false},"product_cat":[3295,3284],"product_tag":[3296,2988,3286],"brand":[],"class_list":{"0":"post-5665","1":"product","2":"type-product","3":"status-publish","4":"has-post-thumbnail","6":"product_cat-bremsekaliber-maling","7":"product_cat-styling","8":"product_tag-bremsekaliber-maling","9":"product_tag-los","10":"product_tag-styling","12":"first","13":"instock","14":"product-type-external","15":"entry","16":"content-bg","17":"loop-entry"},"_links":{"self":[{"href":"https:\/\/bilshopping.dk\/index.php?rest_route=\/wp\/v2\/product\/5665","targetHints":{"allow":["GET"]}}],"collection":[{"href":"https:\/\/bilshopping.dk\/index.php?rest_route=\/wp\/v2\/product"}],"about":[{"href":"https:\/\/bilshopping.dk\/index.php?rest_route=\/wp\/v2\/types\/product"}],"replies":[{"embeddable":true,"href":"https:\/\/bilshopping.dk\/index.php?rest_route=%2Fwp%2Fv2%2Fcomments&post=5665"}],"wp:featuredmedia":[{"embeddable":true,"href":"https:\/\/bilshopping.dk\/index.php?rest_route=\/wp\/v2\/media\/5666"}],"wp:attachment":[{"href":"https:\/\/bilshopping.dk\/index.php?rest_route=%2Fwp%2Fv2%2Fmedia&parent=5665"}],"wp:term":[{"taxonomy":"product_cat","embeddable":true,"href":"https:\/\/bilshopping.dk\/index.php?rest_route=%2Fwp%2Fv2%2Fproduct_cat&post=5665"},{"taxonomy":"product_tag","embeddable":true,"href":"https:\/\/bilshopping.dk\/index.php?rest_route=%2Fwp%2Fv2%2Fproduct_tag&post=5665"},{"taxonomy":"brand","embeddable":true,"href":"https:\/\/bilshopping.dk\/index.php?rest_route=%2Fwp%2Fv2%2Fbrand&post=5665"}],"curies":[{"name":"wp","href":"https:\/\/api.w.org\/{rel}","templated":true}]}}