{"id":5885,"date":"2023-06-23T19:18:24","date_gmt":"2023-06-23T17:18:24","guid":{"rendered":"https:\/\/bilshopping.dk\/produkt\/ixsound-soundbooster-med-1-hoejtaler-booster\/"},"modified":"2023-06-23T19:18:32","modified_gmt":"2023-06-23T17:18:32","slug":"ixsound-soundbooster-med-1-hoejtaler-booster","status":"publish","type":"product","link":"https:\/\/bilshopping.dk\/?product=ixsound-soundbooster-med-1-hoejtaler-booster","title":{"rendered":"iXsound Soundbooster Med 1 h\u00f8jtaler\/booster"},"content":{"rendered":"<p>Produktid er <strong>2108-1563<\/strong> og <strong><\/strong><\/p>\n<h2>Anmeldelse af iXsound Soundbooster Med 1 h\u00f8jtaler\/booster<\/h2>\n<p>Se om vi har en <a href=\"https:\/\/bilshopping.dk\/592\">anmeldelse af iXsound Soundbooster Med 1 h\u00f8jtaler\/booster<\/a>.<\/p>\n","protected":false},"excerpt":{"rendered":"<p>Med en Soundbooster\u00c2\u00a0fra\u00c2\u00a0iXsound f\u00e5r du en 100% trov\u00e6rdig V8 udst\u00f8dningslyd. Med app&#8217;en fra iXsound har du\u00c2\u00a0nem adgang til 7 forskellige lydprofiler.\u00c2\u00a0App&#8217;en f\u00e5s b\u00e5de til i iOS og Andorid og\u00c2\u00a0giver dig ogs\u00e5\u00c2\u00a0mulighed for individuel justering af lydprofil, iXsound Soundbooster Med 1 h\u00f8jtaler\/booster.<\/p>\n","protected":false},"featured_media":5886,"comment_status":"closed","ping_status":"open","template":"","meta":{"_kad_post_transparent":"","_kad_post_title":"","_kad_post_layout":"","_kad_post_sidebar_id":"","_kad_post_content_style":"","_kad_post_vertical_padding":"","_kad_post_feature":"","_kad_post_feature_position":"","_kad_post_header":false,"_kad_post_footer":false},"product_cat":[3312,3284],"product_tag":[2988,3313,3286],"brand":[],"class_list":{"0":"post-5885","1":"product","2":"type-product","3":"status-publish","4":"has-post-thumbnail","6":"product_cat-soundbooster","7":"product_cat-styling","8":"product_tag-los","9":"product_tag-soundbooster","10":"product_tag-styling","12":"first","13":"instock","14":"sale","15":"product-type-external","16":"entry","17":"content-bg","18":"loop-entry"},"_links":{"self":[{"href":"https:\/\/bilshopping.dk\/index.php?rest_route=\/wp\/v2\/product\/5885","targetHints":{"allow":["GET"]}}],"collection":[{"href":"https:\/\/bilshopping.dk\/index.php?rest_route=\/wp\/v2\/product"}],"about":[{"href":"https:\/\/bilshopping.dk\/index.php?rest_route=\/wp\/v2\/types\/product"}],"replies":[{"embeddable":true,"href":"https:\/\/bilshopping.dk\/index.php?rest_route=%2Fwp%2Fv2%2Fcomments&post=5885"}],"wp:featuredmedia":[{"embeddable":true,"href":"https:\/\/bilshopping.dk\/index.php?rest_route=\/wp\/v2\/media\/5886"}],"wp:attachment":[{"href":"https:\/\/bilshopping.dk\/index.php?rest_route=%2Fwp%2Fv2%2Fmedia&parent=5885"}],"wp:term":[{"taxonomy":"product_cat","embeddable":true,"href":"https:\/\/bilshopping.dk\/index.php?rest_route=%2Fwp%2Fv2%2Fproduct_cat&post=5885"},{"taxonomy":"product_tag","embeddable":true,"href":"https:\/\/bilshopping.dk\/index.php?rest_route=%2Fwp%2Fv2%2Fproduct_tag&post=5885"},{"taxonomy":"brand","embeddable":true,"href":"https:\/\/bilshopping.dk\/index.php?rest_route=%2Fwp%2Fv2%2Fbrand&post=5885"}],"curies":[{"name":"wp","href":"https:\/\/api.w.org\/{rel}","templated":true}]}}