{"id":5922,"date":"2023-06-23T19:18:38","date_gmt":"2023-06-23T17:18:38","guid":{"rendered":"https:\/\/bilshopping.dk\/produkt\/autoglym-daek-og-faelgpleje-saet-med-syre\/"},"modified":"2023-06-23T19:18:50","modified_gmt":"2023-06-23T17:18:50","slug":"autoglym-daek-og-faelgpleje-saet-med-syre","status":"publish","type":"product","link":"https:\/\/bilshopping.dk\/?product=autoglym-daek-og-faelgpleje-saet-med-syre","title":{"rendered":"Autoglym d\u00e6k- og f\u00e6lgpleje s\u00e6t med syre"},"content":{"rendered":"<p>Produktid er <strong>2135<\/strong> og <strong><\/strong><\/p>\n<h2>Anmeldelse af Autoglym d\u00e6k- og f\u00e6lgpleje s\u00e6t med syre<\/h2>\n<p>Se om vi har en <a href=\"https:\/\/bilshopping.dk\/592\">anmeldelse af Autoglym d\u00e6k- og f\u00e6lgpleje s\u00e6t med syre<\/a>.<\/p>\n","protected":false},"excerpt":{"rendered":"<p>S\u00e6ttet\u00c2\u00a0indeholder alt hvad du skal bruge til at reng\u00f8re og pleje dine d\u00e6k og f\u00e6lge.<br \/>\nM\u00e5 ikke anvendes p\u00e5 chrome og ubehandlede f\u00e6lge!<br \/>\n\u00c2\u00a0<br \/>\n\u00c2\u00a0, Autoglym d\u00e6k- og f\u00e6lgpleje s\u00e6t med syre.<\/p>\n","protected":false},"featured_media":5923,"comment_status":"closed","ping_status":"open","template":"","meta":{"_kad_post_transparent":"","_kad_post_title":"","_kad_post_layout":"","_kad_post_sidebar_id":"","_kad_post_content_style":"","_kad_post_vertical_padding":"","_kad_post_feature":"","_kad_post_feature_position":"","_kad_post_header":false,"_kad_post_footer":false},"product_cat":[3145,3158],"product_tag":[3147,3159,2988],"brand":[],"class_list":{"0":"post-5922","1":"product","2":"type-product","3":"status-publish","4":"has-post-thumbnail","6":"product_cat-bilpleje","7":"product_cat-daek-faelg-pleje","8":"product_tag-bilpleje","9":"product_tag-daek-faelg-pleje","10":"product_tag-los","12":"first","13":"instock","14":"sale","15":"product-type-external","16":"entry","17":"content-bg","18":"loop-entry"},"_links":{"self":[{"href":"https:\/\/bilshopping.dk\/index.php?rest_route=\/wp\/v2\/product\/5922","targetHints":{"allow":["GET"]}}],"collection":[{"href":"https:\/\/bilshopping.dk\/index.php?rest_route=\/wp\/v2\/product"}],"about":[{"href":"https:\/\/bilshopping.dk\/index.php?rest_route=\/wp\/v2\/types\/product"}],"replies":[{"embeddable":true,"href":"https:\/\/bilshopping.dk\/index.php?rest_route=%2Fwp%2Fv2%2Fcomments&post=5922"}],"wp:featuredmedia":[{"embeddable":true,"href":"https:\/\/bilshopping.dk\/index.php?rest_route=\/wp\/v2\/media\/5923"}],"wp:attachment":[{"href":"https:\/\/bilshopping.dk\/index.php?rest_route=%2Fwp%2Fv2%2Fmedia&parent=5922"}],"wp:term":[{"taxonomy":"product_cat","embeddable":true,"href":"https:\/\/bilshopping.dk\/index.php?rest_route=%2Fwp%2Fv2%2Fproduct_cat&post=5922"},{"taxonomy":"product_tag","embeddable":true,"href":"https:\/\/bilshopping.dk\/index.php?rest_route=%2Fwp%2Fv2%2Fproduct_tag&post=5922"},{"taxonomy":"brand","embeddable":true,"href":"https:\/\/bilshopping.dk\/index.php?rest_route=%2Fwp%2Fv2%2Fbrand&post=5922"}],"curies":[{"name":"wp","href":"https:\/\/api.w.org\/{rel}","templated":true}]}}