{"id":5928,"date":"2023-06-23T19:18:53","date_gmt":"2023-06-23T17:18:53","guid":{"rendered":"https:\/\/bilshopping.dk\/produkt\/autoglym-daek-og-faelgpleje-saet-uden-syre\/"},"modified":"2023-06-23T19:18:58","modified_gmt":"2023-06-23T17:18:58","slug":"autoglym-daek-og-faelgpleje-saet-uden-syre","status":"publish","type":"product","link":"https:\/\/bilshopping.dk\/?product=autoglym-daek-og-faelgpleje-saet-uden-syre","title":{"rendered":"Autoglym d\u00e6k- og f\u00e6lgpleje s\u00e6t uden syre"},"content":{"rendered":"<p>Produktid er <strong>2139<\/strong> og <strong><\/strong><\/p>\n<h2>Anmeldelse af Autoglym d\u00e6k- og f\u00e6lgpleje s\u00e6t uden syre<\/h2>\n<p>Se om vi har en <a href=\"https:\/\/bilshopping.dk\/592\">anmeldelse af Autoglym d\u00e6k- og f\u00e6lgpleje s\u00e6t uden syre<\/a>.<\/p>\n","protected":false},"excerpt":{"rendered":"<p>S\u00e6ttet\u00c2\u00a0indeholder alt hvad du skal bruge til at reng\u00f8re og pleje dine d\u00e6k og f\u00e6lge.<br \/>\nKan anvendes p\u00e5 alle\u00c2\u00a0f\u00e6lge!<br \/>\n\u00c2\u00a0<br \/>\n\u00c2\u00a0, Autoglym d\u00e6k- og f\u00e6lgpleje s\u00e6t uden syre.<\/p>\n","protected":false},"featured_media":5929,"comment_status":"closed","ping_status":"open","template":"","meta":{"_kad_post_transparent":"","_kad_post_title":"","_kad_post_layout":"","_kad_post_sidebar_id":"","_kad_post_content_style":"","_kad_post_vertical_padding":"","_kad_post_feature":"","_kad_post_feature_position":"","_kad_post_header":false,"_kad_post_footer":false},"product_cat":[3145,3158],"product_tag":[3147,3159,2988],"brand":[],"class_list":{"0":"post-5928","1":"product","2":"type-product","3":"status-publish","4":"has-post-thumbnail","6":"product_cat-bilpleje","7":"product_cat-daek-faelg-pleje","8":"product_tag-bilpleje","9":"product_tag-daek-faelg-pleje","10":"product_tag-los","12":"first","13":"instock","14":"sale","15":"product-type-external","16":"entry","17":"content-bg","18":"loop-entry"},"_links":{"self":[{"href":"https:\/\/bilshopping.dk\/index.php?rest_route=\/wp\/v2\/product\/5928","targetHints":{"allow":["GET"]}}],"collection":[{"href":"https:\/\/bilshopping.dk\/index.php?rest_route=\/wp\/v2\/product"}],"about":[{"href":"https:\/\/bilshopping.dk\/index.php?rest_route=\/wp\/v2\/types\/product"}],"replies":[{"embeddable":true,"href":"https:\/\/bilshopping.dk\/index.php?rest_route=%2Fwp%2Fv2%2Fcomments&post=5928"}],"wp:featuredmedia":[{"embeddable":true,"href":"https:\/\/bilshopping.dk\/index.php?rest_route=\/wp\/v2\/media\/5929"}],"wp:attachment":[{"href":"https:\/\/bilshopping.dk\/index.php?rest_route=%2Fwp%2Fv2%2Fmedia&parent=5928"}],"wp:term":[{"taxonomy":"product_cat","embeddable":true,"href":"https:\/\/bilshopping.dk\/index.php?rest_route=%2Fwp%2Fv2%2Fproduct_cat&post=5928"},{"taxonomy":"product_tag","embeddable":true,"href":"https:\/\/bilshopping.dk\/index.php?rest_route=%2Fwp%2Fv2%2Fproduct_tag&post=5928"},{"taxonomy":"brand","embeddable":true,"href":"https:\/\/bilshopping.dk\/index.php?rest_route=%2Fwp%2Fv2%2Fbrand&post=5928"}],"curies":[{"name":"wp","href":"https:\/\/api.w.org\/{rel}","templated":true}]}}