{"id":5955,"date":"2023-06-23T19:19:08","date_gmt":"2023-06-23T17:19:08","guid":{"rendered":"https:\/\/bilshopping.dk\/produkt\/scosche-magicgrip-vent-qi-traadloes-opladning-til-bil-luftdyse\/"},"modified":"2023-06-23T19:19:11","modified_gmt":"2023-06-23T17:19:11","slug":"scosche-magicgrip-vent-qi-traadloes-opladning-til-bil-luftdyse","status":"publish","type":"product","link":"https:\/\/bilshopping.dk\/?product=scosche-magicgrip-vent-qi-traadloes-opladning-til-bil-luftdyse","title":{"rendered":"Scosche magicGRIP Vent. Qi tr\u00e5dl\u00f8s opladning til Bil &#8211; Luftdyse"},"content":{"rendered":"<p>Produktid er <strong>2164<\/strong> og <strong>033991076716<\/strong><\/p>\n<h2>Anmeldelse af Scosche magicGRIP Vent. Qi tr\u00e5dl\u00f8s opladning til Bil &#8211; Luftdyse<\/h2>\n<p>Se om vi har en <a href=\"https:\/\/bilshopping.dk\/592\">anmeldelse af Scosche magicGRIP Vent. Qi tr\u00e5dl\u00f8s opladning til Bil &#8211; Luftdyse<\/a>.<\/p>\n","protected":false},"excerpt":{"rendered":"<p>Mobilholder til montering\u00c2\u00a0i bilens ventilations dyse\u00c2\u00a0og med tr\u00e5dl\u00f8s opladning.<br \/>\nF\u00e5 styr p\u00e5 mobiltelefonen\u00c2\u00a0i bilen med denne smarte mobilholder til luftdyse, der b\u00e5de holder din telefon sikkert fastmonteret under k\u00f8rsel, men ogs\u00e5 oplader telefonen via tr, Scosche magicGRIP Vent. Qi tr\u00e5dl\u00f8s opladning til Bil &#8211; Luftdyse.<\/p>\n","protected":false},"featured_media":5956,"comment_status":"closed","ping_status":"open","template":"","meta":{"_kad_post_transparent":"","_kad_post_title":"","_kad_post_layout":"","_kad_post_sidebar_id":"","_kad_post_content_style":"","_kad_post_vertical_padding":"","_kad_post_feature":"","_kad_post_feature_position":"","_kad_post_header":false,"_kad_post_footer":false},"product_cat":[3211,3264],"product_tag":[3213,2988,3265],"brand":[],"class_list":{"0":"post-5955","1":"product","2":"type-product","3":"status-publish","4":"has-post-thumbnail","6":"product_cat-indvendig-tilbehoer","7":"product_cat-mobil-tilbehoer","8":"product_tag-indvendig-tilbehoer","9":"product_tag-los","10":"product_tag-mobil-tilbehoer","12":"first","13":"instock","14":"product-type-external","15":"entry","16":"content-bg","17":"loop-entry"},"_links":{"self":[{"href":"https:\/\/bilshopping.dk\/index.php?rest_route=\/wp\/v2\/product\/5955","targetHints":{"allow":["GET"]}}],"collection":[{"href":"https:\/\/bilshopping.dk\/index.php?rest_route=\/wp\/v2\/product"}],"about":[{"href":"https:\/\/bilshopping.dk\/index.php?rest_route=\/wp\/v2\/types\/product"}],"replies":[{"embeddable":true,"href":"https:\/\/bilshopping.dk\/index.php?rest_route=%2Fwp%2Fv2%2Fcomments&post=5955"}],"wp:featuredmedia":[{"embeddable":true,"href":"https:\/\/bilshopping.dk\/index.php?rest_route=\/wp\/v2\/media\/5956"}],"wp:attachment":[{"href":"https:\/\/bilshopping.dk\/index.php?rest_route=%2Fwp%2Fv2%2Fmedia&parent=5955"}],"wp:term":[{"taxonomy":"product_cat","embeddable":true,"href":"https:\/\/bilshopping.dk\/index.php?rest_route=%2Fwp%2Fv2%2Fproduct_cat&post=5955"},{"taxonomy":"product_tag","embeddable":true,"href":"https:\/\/bilshopping.dk\/index.php?rest_route=%2Fwp%2Fv2%2Fproduct_tag&post=5955"},{"taxonomy":"brand","embeddable":true,"href":"https:\/\/bilshopping.dk\/index.php?rest_route=%2Fwp%2Fv2%2Fbrand&post=5955"}],"curies":[{"name":"wp","href":"https:\/\/api.w.org\/{rel}","templated":true}]}}