{"id":5959,"date":"2023-06-23T19:19:08","date_gmt":"2023-06-23T17:19:08","guid":{"rendered":"https:\/\/bilshopping.dk\/produkt\/eibach-saenkningssaet-pro-kit-til-vw-polo-6r1-6c1\/"},"modified":"2023-06-23T19:19:15","modified_gmt":"2023-06-23T17:19:15","slug":"eibach-saenkningssaet-pro-kit-til-vw-polo-6r1-6c1","status":"publish","type":"product","link":"https:\/\/bilshopping.dk\/?product=eibach-saenkningssaet-pro-kit-til-vw-polo-6r1-6c1","title":{"rendered":"Eibach s\u00e6nkningss\u00e6t Pro-Kit til VW Polo (6R1, 6C1)"},"content":{"rendered":"<p>Produktid er <strong>2169<\/strong> og <strong>4050278023320<\/strong><\/p>\n<h2>Anmeldelse af Eibach s\u00e6nkningss\u00e6t Pro-Kit til VW Polo (6R1, 6C1)<\/h2>\n<p>Se om vi har en <a href=\"https:\/\/bilshopping.dk\/592\">anmeldelse af Eibach s\u00e6nkningss\u00e6t Pro-Kit til VW Polo (6R1, 6C1)<\/a>.<\/p>\n","protected":false},"excerpt":{"rendered":"<p>Passer til:\u00c2\u00a0<br \/>\nM\u00e6rke: VW<br \/>\nModel: Polo\u00c2\u00a0(6R1, 6C1)<br \/>\nType: 1.0, 1.0 TSI, 1.2, 1.4, 1.2 TSI, 1.2 TSI 16V<br \/>\n\u00c5rgang: 06.09 -, Eibach s\u00e6nkningss\u00e6t Pro-Kit til VW Polo (6R1, 6C1).<\/p>\n","protected":false},"featured_media":5870,"comment_status":"closed","ping_status":"open","template":"","meta":{"_kad_post_transparent":"","_kad_post_title":"","_kad_post_layout":"","_kad_post_sidebar_id":"","_kad_post_content_style":"","_kad_post_vertical_padding":"","_kad_post_feature":"","_kad_post_feature_position":"","_kad_post_header":false,"_kad_post_footer":false},"product_cat":[3310,3203],"product_tag":[2988,3311,3205],"brand":[],"class_list":{"0":"post-5959","1":"product","2":"type-product","3":"status-publish","4":"has-post-thumbnail","6":"product_cat-saenkningssaet","7":"product_cat-undervogn","8":"product_tag-los","9":"product_tag-saenkningssaet","10":"product_tag-undervogn","12":"first","13":"instock","14":"sale","15":"product-type-external","16":"entry","17":"content-bg","18":"loop-entry"},"_links":{"self":[{"href":"https:\/\/bilshopping.dk\/index.php?rest_route=\/wp\/v2\/product\/5959","targetHints":{"allow":["GET"]}}],"collection":[{"href":"https:\/\/bilshopping.dk\/index.php?rest_route=\/wp\/v2\/product"}],"about":[{"href":"https:\/\/bilshopping.dk\/index.php?rest_route=\/wp\/v2\/types\/product"}],"replies":[{"embeddable":true,"href":"https:\/\/bilshopping.dk\/index.php?rest_route=%2Fwp%2Fv2%2Fcomments&post=5959"}],"wp:featuredmedia":[{"embeddable":true,"href":"https:\/\/bilshopping.dk\/index.php?rest_route=\/wp\/v2\/media\/5870"}],"wp:attachment":[{"href":"https:\/\/bilshopping.dk\/index.php?rest_route=%2Fwp%2Fv2%2Fmedia&parent=5959"}],"wp:term":[{"taxonomy":"product_cat","embeddable":true,"href":"https:\/\/bilshopping.dk\/index.php?rest_route=%2Fwp%2Fv2%2Fproduct_cat&post=5959"},{"taxonomy":"product_tag","embeddable":true,"href":"https:\/\/bilshopping.dk\/index.php?rest_route=%2Fwp%2Fv2%2Fproduct_tag&post=5959"},{"taxonomy":"brand","embeddable":true,"href":"https:\/\/bilshopping.dk\/index.php?rest_route=%2Fwp%2Fv2%2Fbrand&post=5959"}],"curies":[{"name":"wp","href":"https:\/\/api.w.org\/{rel}","templated":true}]}}