{"id":5992,"date":"2023-06-23T19:19:19","date_gmt":"2023-06-23T17:19:19","guid":{"rendered":"https:\/\/bilshopping.dk\/produkt\/foliatec-bremsekaliberlak-roed-spray\/"},"modified":"2023-06-23T19:19:39","modified_gmt":"2023-06-23T17:19:39","slug":"foliatec-bremsekaliberlak-roed-spray","status":"publish","type":"product","link":"https:\/\/bilshopping.dk\/?product=foliatec-bremsekaliberlak-roed-spray","title":{"rendered":"Foliatec Bremsekaliberlak &#8211; R\u00f8d spray"},"content":{"rendered":"<p>Produktid er <strong>2193<\/strong> og <strong>4002581021302<\/strong><\/p>\n<h2>Anmeldelse af Foliatec Bremsekaliberlak &#8211; R\u00f8d spray<\/h2>\n<p>Se om vi har en <a href=\"https:\/\/bilshopping.dk\/592\">anmeldelse af Foliatec Bremsekaliberlak &#8211; R\u00f8d spray<\/a>.<\/p>\n","protected":false},"excerpt":{"rendered":"<p>Foliatec Universal 2K Spray er et innovativt system: h\u00e6rderen ligger i d\u00e5sen, s\u00e5 det ikke l\u00e6ngere er kompliceret at blande de to dele!<br \/>\nH\u00e6rderpatronen bliver simpelthen punkteret ved hj\u00e6lp af en trykknap i bunden &#8211; derefter ryst og du er f\u00e6rdig!, Foliatec Bremsekaliberlak &#8211; R\u00f8d spray.<\/p>\n","protected":false},"featured_media":5993,"comment_status":"closed","ping_status":"open","template":"","meta":{"_kad_post_transparent":"","_kad_post_title":"","_kad_post_layout":"","_kad_post_sidebar_id":"","_kad_post_content_style":"","_kad_post_vertical_padding":"","_kad_post_feature":"","_kad_post_feature_position":"","_kad_post_header":false,"_kad_post_footer":false},"product_cat":[3295,3284],"product_tag":[3296,2988,3286],"brand":[],"class_list":{"0":"post-5992","1":"product","2":"type-product","3":"status-publish","4":"has-post-thumbnail","6":"product_cat-bremsekaliber-maling","7":"product_cat-styling","8":"product_tag-bremsekaliber-maling","9":"product_tag-los","10":"product_tag-styling","12":"first","13":"instock","14":"product-type-external","15":"entry","16":"content-bg","17":"loop-entry"},"_links":{"self":[{"href":"https:\/\/bilshopping.dk\/index.php?rest_route=\/wp\/v2\/product\/5992","targetHints":{"allow":["GET"]}}],"collection":[{"href":"https:\/\/bilshopping.dk\/index.php?rest_route=\/wp\/v2\/product"}],"about":[{"href":"https:\/\/bilshopping.dk\/index.php?rest_route=\/wp\/v2\/types\/product"}],"replies":[{"embeddable":true,"href":"https:\/\/bilshopping.dk\/index.php?rest_route=%2Fwp%2Fv2%2Fcomments&post=5992"}],"wp:featuredmedia":[{"embeddable":true,"href":"https:\/\/bilshopping.dk\/index.php?rest_route=\/wp\/v2\/media\/5993"}],"wp:attachment":[{"href":"https:\/\/bilshopping.dk\/index.php?rest_route=%2Fwp%2Fv2%2Fmedia&parent=5992"}],"wp:term":[{"taxonomy":"product_cat","embeddable":true,"href":"https:\/\/bilshopping.dk\/index.php?rest_route=%2Fwp%2Fv2%2Fproduct_cat&post=5992"},{"taxonomy":"product_tag","embeddable":true,"href":"https:\/\/bilshopping.dk\/index.php?rest_route=%2Fwp%2Fv2%2Fproduct_tag&post=5992"},{"taxonomy":"brand","embeddable":true,"href":"https:\/\/bilshopping.dk\/index.php?rest_route=%2Fwp%2Fv2%2Fbrand&post=5992"}],"curies":[{"name":"wp","href":"https:\/\/api.w.org\/{rel}","templated":true}]}}