{"id":6001,"date":"2023-06-23T19:19:19","date_gmt":"2023-06-23T17:19:19","guid":{"rendered":"https:\/\/bilshopping.dk\/produkt\/eibach-saenkningssaet-pro-kit-vw-polo-aw\/"},"modified":"2023-06-23T19:19:42","modified_gmt":"2023-06-23T17:19:42","slug":"eibach-saenkningssaet-pro-kit-vw-polo-aw","status":"publish","type":"product","link":"https:\/\/bilshopping.dk\/?product=eibach-saenkningssaet-pro-kit-vw-polo-aw","title":{"rendered":"Eibach s\u00e6nkningss\u00e6t Pro-Kit VW Polo (AW)"},"content":{"rendered":"<p>Produktid er <strong>2200<\/strong> og <strong>4050278076920<\/strong><\/p>\n<h2>Anmeldelse af Eibach s\u00e6nkningss\u00e6t Pro-Kit VW Polo (AW)<\/h2>\n<p>Se om vi har en <a href=\"https:\/\/bilshopping.dk\/592\">anmeldelse af Eibach s\u00e6nkningss\u00e6t Pro-Kit VW Polo (AW)<\/a>.<\/p>\n","protected":false},"excerpt":{"rendered":"<p>Passer til:\u00c2\u00a0<br \/>\nM\u00e6rke: VW<br \/>\nModel: Polo 4 AW1, BZ1<br \/>\nType:\u00c2\u00a0<br \/>\n1.0, \u00c55rgang: 08.2017 &#8211; , 999 ccm, 65 HK<br \/>\n1.0 (CHYB), \u00c5rgang: 06.2017 -, 999 ccm, 75 HK<br \/>\n1.0 MPi, \u00c5rgang: 09.2018 -, 999 ccm, 80 HK<br \/>\n1.0 TSI, \u00c5rgang: 06.2017 -, 999 ccm, 95 HK<br \/>\n1.0 TSI, \u00c5rgang: 09.2017 -,, Eibach s\u00e6nkningss\u00e6t Pro-Kit VW Polo (AW).<\/p>\n","protected":false},"featured_media":5870,"comment_status":"closed","ping_status":"open","template":"","meta":{"_kad_post_transparent":"","_kad_post_title":"","_kad_post_layout":"","_kad_post_sidebar_id":"","_kad_post_content_style":"","_kad_post_vertical_padding":"","_kad_post_feature":"","_kad_post_feature_position":"","_kad_post_header":false,"_kad_post_footer":false},"product_cat":[3310,3203],"product_tag":[2988,3311,3205],"brand":[],"class_list":{"0":"post-6001","1":"product","2":"type-product","3":"status-publish","4":"has-post-thumbnail","6":"product_cat-saenkningssaet","7":"product_cat-undervogn","8":"product_tag-los","9":"product_tag-saenkningssaet","10":"product_tag-undervogn","12":"first","13":"instock","14":"sale","15":"product-type-external","16":"entry","17":"content-bg","18":"loop-entry"},"_links":{"self":[{"href":"https:\/\/bilshopping.dk\/index.php?rest_route=\/wp\/v2\/product\/6001","targetHints":{"allow":["GET"]}}],"collection":[{"href":"https:\/\/bilshopping.dk\/index.php?rest_route=\/wp\/v2\/product"}],"about":[{"href":"https:\/\/bilshopping.dk\/index.php?rest_route=\/wp\/v2\/types\/product"}],"replies":[{"embeddable":true,"href":"https:\/\/bilshopping.dk\/index.php?rest_route=%2Fwp%2Fv2%2Fcomments&post=6001"}],"wp:featuredmedia":[{"embeddable":true,"href":"https:\/\/bilshopping.dk\/index.php?rest_route=\/wp\/v2\/media\/5870"}],"wp:attachment":[{"href":"https:\/\/bilshopping.dk\/index.php?rest_route=%2Fwp%2Fv2%2Fmedia&parent=6001"}],"wp:term":[{"taxonomy":"product_cat","embeddable":true,"href":"https:\/\/bilshopping.dk\/index.php?rest_route=%2Fwp%2Fv2%2Fproduct_cat&post=6001"},{"taxonomy":"product_tag","embeddable":true,"href":"https:\/\/bilshopping.dk\/index.php?rest_route=%2Fwp%2Fv2%2Fproduct_tag&post=6001"},{"taxonomy":"brand","embeddable":true,"href":"https:\/\/bilshopping.dk\/index.php?rest_route=%2Fwp%2Fv2%2Fbrand&post=6001"}],"curies":[{"name":"wp","href":"https:\/\/api.w.org\/{rel}","templated":true}]}}