{"id":6018,"date":"2023-06-23T19:19:46","date_gmt":"2023-06-23T17:19:46","guid":{"rendered":"https:\/\/bilshopping.dk\/produkt\/racoon-glasrens-see-through-glass-cleaner-500-ml\/"},"modified":"2023-06-23T19:19:51","modified_gmt":"2023-06-23T17:19:51","slug":"racoon-glasrens-see-through-glass-cleaner-500-ml","status":"publish","type":"product","link":"https:\/\/bilshopping.dk\/?product=racoon-glasrens-see-through-glass-cleaner-500-ml","title":{"rendered":"Racoon glasrens &#8211; See through &#8211; glass cleaner  500 ml"},"content":{"rendered":"<p>Produktid er <strong>2213-1568<\/strong> og <strong><\/strong><\/p>\n<h2>Anmeldelse af Racoon glasrens &#8211; See through &#8211; glass cleaner  500 ml<\/h2>\n<p>Se om vi har en <a href=\"https:\/\/bilshopping.dk\/592\">anmeldelse af Racoon glasrens &#8211; See through &#8211; glass cleaner  500 ml<\/a>.<\/p>\n","protected":false},"excerpt":{"rendered":"<p>Racoon Glassrens fjerner nemt silikonerester, olie- og insektrester fra frontruderne og forlygterne. Specielt udviklet til at fjerne den trafikfilm, som kan forekomme p\u00e5 din frontrude. Fjerner nikotin, st\u00f8v og fedtfingre p\u00e5 den indvendige side af ruder og, Racoon glasrens &#8211; See through &#8211; glass cleaner  500 ml.<\/p>\n","protected":false},"featured_media":6019,"comment_status":"closed","ping_status":"open","template":"","meta":{"_kad_post_transparent":"","_kad_post_title":"","_kad_post_layout":"","_kad_post_sidebar_id":"","_kad_post_content_style":"","_kad_post_vertical_padding":"","_kad_post_feature":"","_kad_post_feature_position":"","_kad_post_header":false,"_kad_post_footer":false},"product_cat":[3145,3156],"product_tag":[3147,3157,2988],"brand":[],"class_list":{"0":"post-6018","1":"product","2":"type-product","3":"status-publish","4":"has-post-thumbnail","6":"product_cat-bilpleje","7":"product_cat-glas","8":"product_tag-bilpleje","9":"product_tag-glas","10":"product_tag-los","12":"first","13":"instock","14":"sale","15":"product-type-external","16":"entry","17":"content-bg","18":"loop-entry"},"_links":{"self":[{"href":"https:\/\/bilshopping.dk\/index.php?rest_route=\/wp\/v2\/product\/6018","targetHints":{"allow":["GET"]}}],"collection":[{"href":"https:\/\/bilshopping.dk\/index.php?rest_route=\/wp\/v2\/product"}],"about":[{"href":"https:\/\/bilshopping.dk\/index.php?rest_route=\/wp\/v2\/types\/product"}],"replies":[{"embeddable":true,"href":"https:\/\/bilshopping.dk\/index.php?rest_route=%2Fwp%2Fv2%2Fcomments&post=6018"}],"wp:featuredmedia":[{"embeddable":true,"href":"https:\/\/bilshopping.dk\/index.php?rest_route=\/wp\/v2\/media\/6019"}],"wp:attachment":[{"href":"https:\/\/bilshopping.dk\/index.php?rest_route=%2Fwp%2Fv2%2Fmedia&parent=6018"}],"wp:term":[{"taxonomy":"product_cat","embeddable":true,"href":"https:\/\/bilshopping.dk\/index.php?rest_route=%2Fwp%2Fv2%2Fproduct_cat&post=6018"},{"taxonomy":"product_tag","embeddable":true,"href":"https:\/\/bilshopping.dk\/index.php?rest_route=%2Fwp%2Fv2%2Fproduct_tag&post=6018"},{"taxonomy":"brand","embeddable":true,"href":"https:\/\/bilshopping.dk\/index.php?rest_route=%2Fwp%2Fv2%2Fbrand&post=6018"}],"curies":[{"name":"wp","href":"https:\/\/api.w.org\/{rel}","templated":true}]}}