{"id":6030,"date":"2023-06-23T19:19:46","date_gmt":"2023-06-23T17:19:46","guid":{"rendered":"https:\/\/bilshopping.dk\/produkt\/racoon-holder-til-2-polermaskiner\/"},"modified":"2023-06-23T19:19:59","modified_gmt":"2023-06-23T17:19:59","slug":"racoon-holder-til-2-polermaskiner","status":"publish","type":"product","link":"https:\/\/bilshopping.dk\/?product=racoon-holder-til-2-polermaskiner","title":{"rendered":"Racoon holder til 2 polermaskiner"},"content":{"rendered":"<p>Produktid er <strong>2222<\/strong> og <strong>5709255106929<\/strong><\/p>\n<h2>Anmeldelse af Racoon holder til 2 polermaskiner<\/h2>\n<p>Se om vi har en <a href=\"https:\/\/bilshopping.dk\/592\">anmeldelse af Racoon holder til 2 polermaskiner<\/a>.<\/p>\n","protected":false},"excerpt":{"rendered":"<p>Smart Racoon v\u00e6gholder til polermaskine. Til dig der er tr\u00e6t af at have polermaskinen liggende p\u00e5 bordet eller p\u00e5 hylden. P\u00e5 samme tid er den utrolig dekorativ med Racoon udsk\u00e6ring, som g\u00f8r holderen helt unik. Holderen er nem at montere, og den g\u00f8r det ne, Racoon holder til 2 polermaskiner.<\/p>\n","protected":false},"featured_media":6031,"comment_status":"closed","ping_status":"open","template":"","meta":{"_kad_post_transparent":"","_kad_post_title":"","_kad_post_layout":"","_kad_post_sidebar_id":"","_kad_post_content_style":"","_kad_post_vertical_padding":"","_kad_post_feature":"","_kad_post_feature_position":"","_kad_post_header":false,"_kad_post_footer":false},"product_cat":[3145,3160],"product_tag":[3147,2988,3161],"brand":[],"class_list":{"0":"post-6030","1":"product","2":"type-product","3":"status-publish","4":"has-post-thumbnail","6":"product_cat-bilpleje","7":"product_cat-tilbehoer","8":"product_tag-bilpleje","9":"product_tag-los","10":"product_tag-tilbehoer","12":"first","13":"instock","14":"sale","15":"product-type-external","16":"entry","17":"content-bg","18":"loop-entry"},"_links":{"self":[{"href":"https:\/\/bilshopping.dk\/index.php?rest_route=\/wp\/v2\/product\/6030","targetHints":{"allow":["GET"]}}],"collection":[{"href":"https:\/\/bilshopping.dk\/index.php?rest_route=\/wp\/v2\/product"}],"about":[{"href":"https:\/\/bilshopping.dk\/index.php?rest_route=\/wp\/v2\/types\/product"}],"replies":[{"embeddable":true,"href":"https:\/\/bilshopping.dk\/index.php?rest_route=%2Fwp%2Fv2%2Fcomments&post=6030"}],"wp:featuredmedia":[{"embeddable":true,"href":"https:\/\/bilshopping.dk\/index.php?rest_route=\/wp\/v2\/media\/6031"}],"wp:attachment":[{"href":"https:\/\/bilshopping.dk\/index.php?rest_route=%2Fwp%2Fv2%2Fmedia&parent=6030"}],"wp:term":[{"taxonomy":"product_cat","embeddable":true,"href":"https:\/\/bilshopping.dk\/index.php?rest_route=%2Fwp%2Fv2%2Fproduct_cat&post=6030"},{"taxonomy":"product_tag","embeddable":true,"href":"https:\/\/bilshopping.dk\/index.php?rest_route=%2Fwp%2Fv2%2Fproduct_tag&post=6030"},{"taxonomy":"brand","embeddable":true,"href":"https:\/\/bilshopping.dk\/index.php?rest_route=%2Fwp%2Fv2%2Fbrand&post=6030"}],"curies":[{"name":"wp","href":"https:\/\/api.w.org\/{rel}","templated":true}]}}