{"id":6032,"date":"2023-06-23T19:19:46","date_gmt":"2023-06-23T17:19:46","guid":{"rendered":"https:\/\/bilshopping.dk\/produkt\/racoon-holder-til-3-polermaskiner\/"},"modified":"2023-06-23T19:20:00","modified_gmt":"2023-06-23T17:20:00","slug":"racoon-holder-til-3-polermaskiner","status":"publish","type":"product","link":"https:\/\/bilshopping.dk\/?product=racoon-holder-til-3-polermaskiner","title":{"rendered":"Racoon holder til 3 polermaskiner"},"content":{"rendered":"<p>Produktid er <strong>2223<\/strong> og <strong>5709255106936<\/strong><\/p>\n<h2>Anmeldelse af Racoon holder til 3 polermaskiner<\/h2>\n<p>Se om vi har en <a href=\"https:\/\/bilshopping.dk\/592\">anmeldelse af Racoon holder til 3 polermaskiner<\/a>.<\/p>\n","protected":false},"excerpt":{"rendered":"<p>Til sikker og pladsbesparende opbevaring af n\u00e6sten alle almindelige polermaskiner (F.eks. Flex, Rupes, Festool og mange flere). Derudover er produktet ogs\u00e5 en praktisk lagerplads til str\u00f8mkabler. Denne specielle v\u00e6gmontering giver dig plads til 3 polermas, Racoon holder til 3 polermaskiner.<\/p>\n","protected":false},"featured_media":6033,"comment_status":"closed","ping_status":"open","template":"","meta":{"_kad_post_transparent":"","_kad_post_title":"","_kad_post_layout":"","_kad_post_sidebar_id":"","_kad_post_content_style":"","_kad_post_vertical_padding":"","_kad_post_feature":"","_kad_post_feature_position":"","_kad_post_header":false,"_kad_post_footer":false},"product_cat":[3145,3160],"product_tag":[3147,2988,3161],"brand":[],"class_list":{"0":"post-6032","1":"product","2":"type-product","3":"status-publish","4":"has-post-thumbnail","6":"product_cat-bilpleje","7":"product_cat-tilbehoer","8":"product_tag-bilpleje","9":"product_tag-los","10":"product_tag-tilbehoer","12":"first","13":"instock","14":"sale","15":"product-type-external","16":"entry","17":"content-bg","18":"loop-entry"},"_links":{"self":[{"href":"https:\/\/bilshopping.dk\/index.php?rest_route=\/wp\/v2\/product\/6032","targetHints":{"allow":["GET"]}}],"collection":[{"href":"https:\/\/bilshopping.dk\/index.php?rest_route=\/wp\/v2\/product"}],"about":[{"href":"https:\/\/bilshopping.dk\/index.php?rest_route=\/wp\/v2\/types\/product"}],"replies":[{"embeddable":true,"href":"https:\/\/bilshopping.dk\/index.php?rest_route=%2Fwp%2Fv2%2Fcomments&post=6032"}],"wp:featuredmedia":[{"embeddable":true,"href":"https:\/\/bilshopping.dk\/index.php?rest_route=\/wp\/v2\/media\/6033"}],"wp:attachment":[{"href":"https:\/\/bilshopping.dk\/index.php?rest_route=%2Fwp%2Fv2%2Fmedia&parent=6032"}],"wp:term":[{"taxonomy":"product_cat","embeddable":true,"href":"https:\/\/bilshopping.dk\/index.php?rest_route=%2Fwp%2Fv2%2Fproduct_cat&post=6032"},{"taxonomy":"product_tag","embeddable":true,"href":"https:\/\/bilshopping.dk\/index.php?rest_route=%2Fwp%2Fv2%2Fproduct_tag&post=6032"},{"taxonomy":"brand","embeddable":true,"href":"https:\/\/bilshopping.dk\/index.php?rest_route=%2Fwp%2Fv2%2Fbrand&post=6032"}],"curies":[{"name":"wp","href":"https:\/\/api.w.org\/{rel}","templated":true}]}}