{"id":6040,"date":"2023-06-23T19:19:46","date_gmt":"2023-06-23T17:19:46","guid":{"rendered":"https:\/\/bilshopping.dk\/produkt\/racoon-bil-shampoo-green-mamba-car-shampoo-1-ltr\/"},"modified":"2023-06-23T19:20:05","modified_gmt":"2023-06-23T17:20:05","slug":"racoon-bil-shampoo-green-mamba-car-shampoo-1-ltr","status":"publish","type":"product","link":"https:\/\/bilshopping.dk\/?product=racoon-bil-shampoo-green-mamba-car-shampoo-1-ltr","title":{"rendered":"Racoon bil shampoo &#8211; green mamba car shampoo  1 ltr"},"content":{"rendered":"<p>Produktid er <strong>2237-1583<\/strong> og <strong>1104458732915<\/strong><\/p>\n<h2>Anmeldelse af Racoon bil shampoo &#8211; green mamba car shampoo  1 ltr<\/h2>\n<p>Se om vi har en <a href=\"https:\/\/bilshopping.dk\/592\">anmeldelse af Racoon bil shampoo &#8211; green mamba car shampoo  1 ltr<\/a>.<\/p>\n","protected":false},"excerpt":{"rendered":"<p>PH-neutral bil shampoo 1 liter &#8211; Effektiv og sk\u00e5nsom shampoo &#8211; med ekstra glans effekt!<br \/>\nP\u00e5 trods af sin us\u00e6dvanlige reng\u00f8ringsevne angriber Racoon Green Mamba Shampoo ikke eksisterende vokslag og coatings p\u00e5 grund af sin milde og pH-neutrale formel! Green, Racoon bil shampoo &#8211; green mamba car shampoo  1 ltr.<\/p>\n","protected":false},"featured_media":6041,"comment_status":"closed","ping_status":"open","template":"","meta":{"_kad_post_transparent":"","_kad_post_title":"","_kad_post_layout":"","_kad_post_sidebar_id":"","_kad_post_content_style":"","_kad_post_vertical_padding":"","_kad_post_feature":"","_kad_post_feature_position":"","_kad_post_header":false,"_kad_post_footer":false},"product_cat":[3145,3146],"product_tag":[3147,2988,3148],"brand":[],"class_list":{"0":"post-6040","1":"product","2":"type-product","3":"status-publish","4":"has-post-thumbnail","6":"product_cat-bilpleje","7":"product_cat-vaskeprodukter","8":"product_tag-bilpleje","9":"product_tag-los","10":"product_tag-vaskeprodukter","12":"first","13":"instock","14":"sale","15":"product-type-external","16":"entry","17":"content-bg","18":"loop-entry"},"_links":{"self":[{"href":"https:\/\/bilshopping.dk\/index.php?rest_route=\/wp\/v2\/product\/6040","targetHints":{"allow":["GET"]}}],"collection":[{"href":"https:\/\/bilshopping.dk\/index.php?rest_route=\/wp\/v2\/product"}],"about":[{"href":"https:\/\/bilshopping.dk\/index.php?rest_route=\/wp\/v2\/types\/product"}],"replies":[{"embeddable":true,"href":"https:\/\/bilshopping.dk\/index.php?rest_route=%2Fwp%2Fv2%2Fcomments&post=6040"}],"wp:featuredmedia":[{"embeddable":true,"href":"https:\/\/bilshopping.dk\/index.php?rest_route=\/wp\/v2\/media\/6041"}],"wp:attachment":[{"href":"https:\/\/bilshopping.dk\/index.php?rest_route=%2Fwp%2Fv2%2Fmedia&parent=6040"}],"wp:term":[{"taxonomy":"product_cat","embeddable":true,"href":"https:\/\/bilshopping.dk\/index.php?rest_route=%2Fwp%2Fv2%2Fproduct_cat&post=6040"},{"taxonomy":"product_tag","embeddable":true,"href":"https:\/\/bilshopping.dk\/index.php?rest_route=%2Fwp%2Fv2%2Fproduct_tag&post=6040"},{"taxonomy":"brand","embeddable":true,"href":"https:\/\/bilshopping.dk\/index.php?rest_route=%2Fwp%2Fv2%2Fbrand&post=6040"}],"curies":[{"name":"wp","href":"https:\/\/api.w.org\/{rel}","templated":true}]}}