{"id":6055,"date":"2023-06-23T19:20:12","date_gmt":"2023-06-23T17:20:12","guid":{"rendered":"https:\/\/bilshopping.dk\/produkt\/racoon-keramisk-forseglings-kit-til-mat-lak-matt-shield\/"},"modified":"2023-06-23T19:20:15","modified_gmt":"2023-06-23T17:20:15","slug":"racoon-keramisk-forseglings-kit-til-mat-lak-matt-shield","status":"publish","type":"product","link":"https:\/\/bilshopping.dk\/?product=racoon-keramisk-forseglings-kit-til-mat-lak-matt-shield","title":{"rendered":"Racoon keramisk forseglings kit til mat lak &#8211; matt shield"},"content":{"rendered":"<p>Produktid er <strong>2246<\/strong> og <strong>4260667191350<\/strong><\/p>\n<h2>Anmeldelse af Racoon keramisk forseglings kit til mat lak &#8211; matt shield<\/h2>\n<p>Se om vi har en <a href=\"https:\/\/bilshopping.dk\/592\">anmeldelse af Racoon keramisk forseglings kit til mat lak &#8211; matt shield<\/a>.<\/p>\n","protected":false},"excerpt":{"rendered":"<p>Indeholder alt, du beh\u00f8ver til at coate\/forsegle din matlakerede bil. Ved at coate din bil med Racoon keramisk coat f\u00e5r du en h\u00e5ndfuld fordele. Du opn\u00e5r den ultimative hydrofobiske effekt, som sikrer, at lakken nemt holdes ren for skidt og snavs. De flest, Racoon keramisk forseglings kit til mat lak &#8211; matt shield.<\/p>\n","protected":false},"featured_media":6056,"comment_status":"closed","ping_status":"open","template":"","meta":{"_kad_post_transparent":"","_kad_post_title":"","_kad_post_layout":"","_kad_post_sidebar_id":"","_kad_post_content_style":"","_kad_post_vertical_padding":"","_kad_post_feature":"","_kad_post_feature_position":"","_kad_post_header":false,"_kad_post_footer":false},"product_cat":[3145,3150],"product_tag":[3147,3151,2988],"brand":[],"class_list":{"0":"post-6055","1":"product","2":"type-product","3":"status-publish","4":"has-post-thumbnail","6":"product_cat-bilpleje","7":"product_cat-lakpleje","8":"product_tag-bilpleje","9":"product_tag-lakpleje","10":"product_tag-los","12":"first","13":"instock","14":"sale","15":"product-type-external","16":"entry","17":"content-bg","18":"loop-entry"},"_links":{"self":[{"href":"https:\/\/bilshopping.dk\/index.php?rest_route=\/wp\/v2\/product\/6055","targetHints":{"allow":["GET"]}}],"collection":[{"href":"https:\/\/bilshopping.dk\/index.php?rest_route=\/wp\/v2\/product"}],"about":[{"href":"https:\/\/bilshopping.dk\/index.php?rest_route=\/wp\/v2\/types\/product"}],"replies":[{"embeddable":true,"href":"https:\/\/bilshopping.dk\/index.php?rest_route=%2Fwp%2Fv2%2Fcomments&post=6055"}],"wp:featuredmedia":[{"embeddable":true,"href":"https:\/\/bilshopping.dk\/index.php?rest_route=\/wp\/v2\/media\/6056"}],"wp:attachment":[{"href":"https:\/\/bilshopping.dk\/index.php?rest_route=%2Fwp%2Fv2%2Fmedia&parent=6055"}],"wp:term":[{"taxonomy":"product_cat","embeddable":true,"href":"https:\/\/bilshopping.dk\/index.php?rest_route=%2Fwp%2Fv2%2Fproduct_cat&post=6055"},{"taxonomy":"product_tag","embeddable":true,"href":"https:\/\/bilshopping.dk\/index.php?rest_route=%2Fwp%2Fv2%2Fproduct_tag&post=6055"},{"taxonomy":"brand","embeddable":true,"href":"https:\/\/bilshopping.dk\/index.php?rest_route=%2Fwp%2Fv2%2Fbrand&post=6055"}],"curies":[{"name":"wp","href":"https:\/\/api.w.org\/{rel}","templated":true}]}}