{"id":6057,"date":"2023-06-23T19:20:12","date_gmt":"2023-06-23T17:20:12","guid":{"rendered":"https:\/\/bilshopping.dk\/produkt\/racoon-flydende-nano-voks-og-forsegling\/"},"modified":"2023-06-23T19:20:16","modified_gmt":"2023-06-23T17:20:16","slug":"racoon-flydende-nano-voks-og-forsegling","status":"publish","type":"product","link":"https:\/\/bilshopping.dk\/?product=racoon-flydende-nano-voks-og-forsegling","title":{"rendered":"Racoon flydende nano voks og forsegling"},"content":{"rendered":"<p>Produktid er <strong>2247<\/strong> og <strong>1104587303147<\/strong><\/p>\n<h2>Anmeldelse af Racoon flydende nano voks og forsegling<\/h2>\n<p>Se om vi har en <a href=\"https:\/\/bilshopping.dk\/592\">anmeldelse af Racoon flydende nano voks og forsegling<\/a>.<\/p>\n","protected":false},"excerpt":{"rendered":"<p>Den cremede voks er egnet til h\u00f8jglanspolering og fungere som fugemasse p\u00e5 de lakerede overflader. Dermed opn\u00e5r du b\u00e5de en flot og forseglet overflade. Voksen har ogs\u00e5 en forfriskende effekt med sin h\u00f8jglans finish., Racoon flydende nano voks og forsegling.<\/p>\n","protected":false},"featured_media":6058,"comment_status":"closed","ping_status":"open","template":"","meta":{"_kad_post_transparent":"","_kad_post_title":"","_kad_post_layout":"","_kad_post_sidebar_id":"","_kad_post_content_style":"","_kad_post_vertical_padding":"","_kad_post_feature":"","_kad_post_feature_position":"","_kad_post_header":false,"_kad_post_footer":false},"product_cat":[3145,3150],"product_tag":[3147,3151,2988],"brand":[],"class_list":{"0":"post-6057","1":"product","2":"type-product","3":"status-publish","4":"has-post-thumbnail","6":"product_cat-bilpleje","7":"product_cat-lakpleje","8":"product_tag-bilpleje","9":"product_tag-lakpleje","10":"product_tag-los","12":"first","13":"instock","14":"sale","15":"product-type-external","16":"entry","17":"content-bg","18":"loop-entry"},"_links":{"self":[{"href":"https:\/\/bilshopping.dk\/index.php?rest_route=\/wp\/v2\/product\/6057","targetHints":{"allow":["GET"]}}],"collection":[{"href":"https:\/\/bilshopping.dk\/index.php?rest_route=\/wp\/v2\/product"}],"about":[{"href":"https:\/\/bilshopping.dk\/index.php?rest_route=\/wp\/v2\/types\/product"}],"replies":[{"embeddable":true,"href":"https:\/\/bilshopping.dk\/index.php?rest_route=%2Fwp%2Fv2%2Fcomments&post=6057"}],"wp:featuredmedia":[{"embeddable":true,"href":"https:\/\/bilshopping.dk\/index.php?rest_route=\/wp\/v2\/media\/6058"}],"wp:attachment":[{"href":"https:\/\/bilshopping.dk\/index.php?rest_route=%2Fwp%2Fv2%2Fmedia&parent=6057"}],"wp:term":[{"taxonomy":"product_cat","embeddable":true,"href":"https:\/\/bilshopping.dk\/index.php?rest_route=%2Fwp%2Fv2%2Fproduct_cat&post=6057"},{"taxonomy":"product_tag","embeddable":true,"href":"https:\/\/bilshopping.dk\/index.php?rest_route=%2Fwp%2Fv2%2Fproduct_tag&post=6057"},{"taxonomy":"brand","embeddable":true,"href":"https:\/\/bilshopping.dk\/index.php?rest_route=%2Fwp%2Fv2%2Fbrand&post=6057"}],"curies":[{"name":"wp","href":"https:\/\/api.w.org\/{rel}","templated":true}]}}