{"id":6065,"date":"2023-06-23T19:20:12","date_gmt":"2023-06-23T17:20:12","guid":{"rendered":"https:\/\/bilshopping.dk\/produkt\/racoon-insektfjerner-til-folie-insect-remover-wrap\/"},"modified":"2023-06-23T19:20:19","modified_gmt":"2023-06-23T17:20:19","slug":"racoon-insektfjerner-til-folie-insect-remover-wrap","status":"publish","type":"product","link":"https:\/\/bilshopping.dk\/?product=racoon-insektfjerner-til-folie-insect-remover-wrap","title":{"rendered":"Racoon insektfjerner til folie  &#8211; insect remover wrap"},"content":{"rendered":"<p>Produktid er <strong>2251<\/strong> og <strong>1104587050829<\/strong><\/p>\n<h2>Anmeldelse af Racoon insektfjerner til folie  &#8211; insect remover wrap<\/h2>\n<p>Se om vi har en <a href=\"https:\/\/bilshopping.dk\/592\">anmeldelse af Racoon insektfjerner til folie  &#8211; insect remover wrap<\/a>.<\/p>\n","protected":false},"excerpt":{"rendered":"<p>Udviklet til bil med folie, og matte lakeringer. Opl\u00f8ser hurtigt og effektivt kl\u00e6brige insekter, fuglefedt, og andre organiske urenheder, inden de g\u00f8r skade p\u00e5 bilens lak. Uden giftige og aggressive kemikalier., Racoon insektfjerner til folie  &#8211; insect remover wrap.<\/p>\n","protected":false},"featured_media":6066,"comment_status":"closed","ping_status":"open","template":"","meta":{"_kad_post_transparent":"","_kad_post_title":"","_kad_post_layout":"","_kad_post_sidebar_id":"","_kad_post_content_style":"","_kad_post_vertical_padding":"","_kad_post_feature":"","_kad_post_feature_position":"","_kad_post_header":false,"_kad_post_footer":false},"product_cat":[3145,3154],"product_tag":[3147,2988,3155],"brand":[],"class_list":{"0":"post-6065","1":"product","2":"type-product","3":"status-publish","4":"has-post-thumbnail","6":"product_cat-bilpleje","7":"product_cat-udvendig-pleje","8":"product_tag-bilpleje","9":"product_tag-los","10":"product_tag-udvendig-pleje","12":"first","13":"instock","14":"sale","15":"product-type-external","16":"entry","17":"content-bg","18":"loop-entry"},"_links":{"self":[{"href":"https:\/\/bilshopping.dk\/index.php?rest_route=\/wp\/v2\/product\/6065","targetHints":{"allow":["GET"]}}],"collection":[{"href":"https:\/\/bilshopping.dk\/index.php?rest_route=\/wp\/v2\/product"}],"about":[{"href":"https:\/\/bilshopping.dk\/index.php?rest_route=\/wp\/v2\/types\/product"}],"replies":[{"embeddable":true,"href":"https:\/\/bilshopping.dk\/index.php?rest_route=%2Fwp%2Fv2%2Fcomments&post=6065"}],"wp:featuredmedia":[{"embeddable":true,"href":"https:\/\/bilshopping.dk\/index.php?rest_route=\/wp\/v2\/media\/6066"}],"wp:attachment":[{"href":"https:\/\/bilshopping.dk\/index.php?rest_route=%2Fwp%2Fv2%2Fmedia&parent=6065"}],"wp:term":[{"taxonomy":"product_cat","embeddable":true,"href":"https:\/\/bilshopping.dk\/index.php?rest_route=%2Fwp%2Fv2%2Fproduct_cat&post=6065"},{"taxonomy":"product_tag","embeddable":true,"href":"https:\/\/bilshopping.dk\/index.php?rest_route=%2Fwp%2Fv2%2Fproduct_tag&post=6065"},{"taxonomy":"brand","embeddable":true,"href":"https:\/\/bilshopping.dk\/index.php?rest_route=%2Fwp%2Fv2%2Fbrand&post=6065"}],"curies":[{"name":"wp","href":"https:\/\/api.w.org\/{rel}","templated":true}]}}