{"id":6067,"date":"2023-06-23T19:20:12","date_gmt":"2023-06-23T17:20:12","guid":{"rendered":"https:\/\/bilshopping.dk\/produkt\/racoon-faelgrens-wheel-cleaner-500-ml\/"},"modified":"2023-06-23T19:20:20","modified_gmt":"2023-06-23T17:20:20","slug":"racoon-faelgrens-wheel-cleaner-500-ml","status":"publish","type":"product","link":"https:\/\/bilshopping.dk\/?product=racoon-faelgrens-wheel-cleaner-500-ml","title":{"rendered":"Racoon F\u00e6lgrens &#8211; Wheel Cleaner  500 ml"},"content":{"rendered":"<p>Produktid er <strong>2252-1633<\/strong> og <strong>4260667190322<\/strong><\/p>\n<h2>Anmeldelse af Racoon F\u00e6lgrens &#8211; Wheel Cleaner  500 ml<\/h2>\n<p>Se om vi har en <a href=\"https:\/\/bilshopping.dk\/592\">anmeldelse af Racoon F\u00e6lgrens &#8211; Wheel Cleaner  500 ml<\/a>.<\/p>\n","protected":false},"excerpt":{"rendered":"<p>Racoon Wheel Cleaner &#8211; fantastisk pH-balanceret gel\u00e9agtige f\u00e6lgrens fra Racoon &#8211; tysk kvalitet p\u00e5 h\u00f8jeste niveau. Et produkt som i udgangspunkt ikke beh\u00f8ver ber\u00f8ring med en f\u00e6lgb\u00f8rste.<br \/>\nMed ny formel og meget aktiv smudsopl\u00f8sende kraft. Fjerner de mest st\u00e6, Racoon F\u00e6lgrens &#8211; Wheel Cleaner  500 ml.<\/p>\n","protected":false},"featured_media":6068,"comment_status":"closed","ping_status":"open","template":"","meta":{"_kad_post_transparent":"","_kad_post_title":"","_kad_post_layout":"","_kad_post_sidebar_id":"","_kad_post_content_style":"","_kad_post_vertical_padding":"","_kad_post_feature":"","_kad_post_feature_position":"","_kad_post_header":false,"_kad_post_footer":false},"product_cat":[3145,3158],"product_tag":[3147,3159,2988],"brand":[],"class_list":{"0":"post-6067","1":"product","2":"type-product","3":"status-publish","4":"has-post-thumbnail","6":"product_cat-bilpleje","7":"product_cat-daek-faelg-pleje","8":"product_tag-bilpleje","9":"product_tag-daek-faelg-pleje","10":"product_tag-los","12":"first","13":"instock","14":"sale","15":"product-type-external","16":"entry","17":"content-bg","18":"loop-entry"},"_links":{"self":[{"href":"https:\/\/bilshopping.dk\/index.php?rest_route=\/wp\/v2\/product\/6067","targetHints":{"allow":["GET"]}}],"collection":[{"href":"https:\/\/bilshopping.dk\/index.php?rest_route=\/wp\/v2\/product"}],"about":[{"href":"https:\/\/bilshopping.dk\/index.php?rest_route=\/wp\/v2\/types\/product"}],"replies":[{"embeddable":true,"href":"https:\/\/bilshopping.dk\/index.php?rest_route=%2Fwp%2Fv2%2Fcomments&post=6067"}],"wp:featuredmedia":[{"embeddable":true,"href":"https:\/\/bilshopping.dk\/index.php?rest_route=\/wp\/v2\/media\/6068"}],"wp:attachment":[{"href":"https:\/\/bilshopping.dk\/index.php?rest_route=%2Fwp%2Fv2%2Fmedia&parent=6067"}],"wp:term":[{"taxonomy":"product_cat","embeddable":true,"href":"https:\/\/bilshopping.dk\/index.php?rest_route=%2Fwp%2Fv2%2Fproduct_cat&post=6067"},{"taxonomy":"product_tag","embeddable":true,"href":"https:\/\/bilshopping.dk\/index.php?rest_route=%2Fwp%2Fv2%2Fproduct_tag&post=6067"},{"taxonomy":"brand","embeddable":true,"href":"https:\/\/bilshopping.dk\/index.php?rest_route=%2Fwp%2Fv2%2Fbrand&post=6067"}],"curies":[{"name":"wp","href":"https:\/\/api.w.org\/{rel}","templated":true}]}}