{"id":6074,"date":"2023-06-23T19:20:12","date_gmt":"2023-06-23T17:20:12","guid":{"rendered":"https:\/\/bilshopping.dk\/produkt\/racoon-flyverustfjerner-rust-remover-5-ltr\/"},"modified":"2023-06-23T19:20:22","modified_gmt":"2023-06-23T17:20:22","slug":"racoon-flyverustfjerner-rust-remover-5-ltr","status":"publish","type":"product","link":"https:\/\/bilshopping.dk\/?product=racoon-flyverustfjerner-rust-remover-5-ltr","title":{"rendered":"Racoon flyverustfjerner &#8211; rust remover  5 ltr"},"content":{"rendered":"<p>Produktid er <strong>2253-1592<\/strong> og <strong>5709255106783<\/strong><\/p>\n<h2>Anmeldelse af Racoon flyverustfjerner &#8211; rust remover  5 ltr<\/h2>\n<p>Se om vi har en <a href=\"https:\/\/bilshopping.dk\/592\">anmeldelse af Racoon flyverustfjerner &#8211; rust remover  5 ltr<\/a>.<\/p>\n","protected":false},"excerpt":{"rendered":"<p>Fjerner jern og metal partikler hurtigt og effektivt. Racoon Rust Remover l\u00f8ser rust fra alle k\u00f8ret\u00f8jets overflader, sikkert og uden at efterlade rester. Sidder flyverust p\u00e5 bilens overflade for l\u00e6nge, vil det medf\u00f8re skade p\u00e5 bilens lak., Racoon flyverustfjerner &#8211; rust remover  5 ltr.<\/p>\n","protected":false},"featured_media":6075,"comment_status":"closed","ping_status":"open","template":"","meta":{"_kad_post_transparent":"","_kad_post_title":"","_kad_post_layout":"","_kad_post_sidebar_id":"","_kad_post_content_style":"","_kad_post_vertical_padding":"","_kad_post_feature":"","_kad_post_feature_position":"","_kad_post_header":false,"_kad_post_footer":false},"product_cat":[3145,3150],"product_tag":[3147,3151,2988],"brand":[],"class_list":{"0":"post-6074","1":"product","2":"type-product","3":"status-publish","4":"has-post-thumbnail","6":"product_cat-bilpleje","7":"product_cat-lakpleje","8":"product_tag-bilpleje","9":"product_tag-lakpleje","10":"product_tag-los","12":"first","13":"instock","14":"sale","15":"product-type-external","16":"entry","17":"content-bg","18":"loop-entry"},"_links":{"self":[{"href":"https:\/\/bilshopping.dk\/index.php?rest_route=\/wp\/v2\/product\/6074","targetHints":{"allow":["GET"]}}],"collection":[{"href":"https:\/\/bilshopping.dk\/index.php?rest_route=\/wp\/v2\/product"}],"about":[{"href":"https:\/\/bilshopping.dk\/index.php?rest_route=\/wp\/v2\/types\/product"}],"replies":[{"embeddable":true,"href":"https:\/\/bilshopping.dk\/index.php?rest_route=%2Fwp%2Fv2%2Fcomments&post=6074"}],"wp:featuredmedia":[{"embeddable":true,"href":"https:\/\/bilshopping.dk\/index.php?rest_route=\/wp\/v2\/media\/6075"}],"wp:attachment":[{"href":"https:\/\/bilshopping.dk\/index.php?rest_route=%2Fwp%2Fv2%2Fmedia&parent=6074"}],"wp:term":[{"taxonomy":"product_cat","embeddable":true,"href":"https:\/\/bilshopping.dk\/index.php?rest_route=%2Fwp%2Fv2%2Fproduct_cat&post=6074"},{"taxonomy":"product_tag","embeddable":true,"href":"https:\/\/bilshopping.dk\/index.php?rest_route=%2Fwp%2Fv2%2Fproduct_tag&post=6074"},{"taxonomy":"brand","embeddable":true,"href":"https:\/\/bilshopping.dk\/index.php?rest_route=%2Fwp%2Fv2%2Fbrand&post=6074"}],"curies":[{"name":"wp","href":"https:\/\/api.w.org\/{rel}","templated":true}]}}