{"id":6100,"date":"2023-06-23T19:20:29","date_gmt":"2023-06-23T17:20:29","guid":{"rendered":"https:\/\/bilshopping.dk\/produkt\/racoon-mikrofiberklud-40x40-380g-sort\/"},"modified":"2023-06-23T19:20:37","modified_gmt":"2023-06-23T17:20:37","slug":"racoon-mikrofiberklud-40x40-380g-sort","status":"publish","type":"product","link":"https:\/\/bilshopping.dk\/?product=racoon-mikrofiberklud-40x40-380g-sort","title":{"rendered":"Racoon mikrofiberklud (40&#215;40) 380g sort"},"content":{"rendered":"<p>Produktid er <strong>2264<\/strong> og <strong>4260667191466<\/strong><\/p>\n<h2>Anmeldelse af Racoon mikrofiberklud (40&#215;40) 380g sort<\/h2>\n<p>Se om vi har en <a href=\"https:\/\/bilshopping.dk\/592\">anmeldelse af Racoon mikrofiberklud (40&#215;40) 380g sort<\/a>.<\/p>\n","protected":false},"excerpt":{"rendered":"<p>Racoon Mikrofiberklud med 2 sider. Den langh\u00e5rede side kan med fordel bruges til at aft\u00f8rre cockpittet og til aft\u00f8rring af voks. Hvor den korth\u00e5ret side bedst bruges til aft\u00f8rring af ruder eller andet glas. Ved brug af denne klud p\u00e5 lakken, opn\u00e5r du en ri, Racoon mikrofiberklud (40&#215;40) 380g sort.<\/p>\n","protected":false},"featured_media":6101,"comment_status":"closed","ping_status":"open","template":"","meta":{"_kad_post_transparent":"","_kad_post_title":"","_kad_post_layout":"","_kad_post_sidebar_id":"","_kad_post_content_style":"","_kad_post_vertical_padding":"","_kad_post_feature":"","_kad_post_feature_position":"","_kad_post_header":false,"_kad_post_footer":false},"product_cat":[3145,3160],"product_tag":[3147,2988,3161],"brand":[],"class_list":{"0":"post-6100","1":"product","2":"type-product","3":"status-publish","4":"has-post-thumbnail","6":"product_cat-bilpleje","7":"product_cat-tilbehoer","8":"product_tag-bilpleje","9":"product_tag-los","10":"product_tag-tilbehoer","12":"first","13":"instock","14":"sale","15":"product-type-external","16":"entry","17":"content-bg","18":"loop-entry"},"_links":{"self":[{"href":"https:\/\/bilshopping.dk\/index.php?rest_route=\/wp\/v2\/product\/6100","targetHints":{"allow":["GET"]}}],"collection":[{"href":"https:\/\/bilshopping.dk\/index.php?rest_route=\/wp\/v2\/product"}],"about":[{"href":"https:\/\/bilshopping.dk\/index.php?rest_route=\/wp\/v2\/types\/product"}],"replies":[{"embeddable":true,"href":"https:\/\/bilshopping.dk\/index.php?rest_route=%2Fwp%2Fv2%2Fcomments&post=6100"}],"wp:featuredmedia":[{"embeddable":true,"href":"https:\/\/bilshopping.dk\/index.php?rest_route=\/wp\/v2\/media\/6101"}],"wp:attachment":[{"href":"https:\/\/bilshopping.dk\/index.php?rest_route=%2Fwp%2Fv2%2Fmedia&parent=6100"}],"wp:term":[{"taxonomy":"product_cat","embeddable":true,"href":"https:\/\/bilshopping.dk\/index.php?rest_route=%2Fwp%2Fv2%2Fproduct_cat&post=6100"},{"taxonomy":"product_tag","embeddable":true,"href":"https:\/\/bilshopping.dk\/index.php?rest_route=%2Fwp%2Fv2%2Fproduct_tag&post=6100"},{"taxonomy":"brand","embeddable":true,"href":"https:\/\/bilshopping.dk\/index.php?rest_route=%2Fwp%2Fv2%2Fbrand&post=6100"}],"curies":[{"name":"wp","href":"https:\/\/api.w.org\/{rel}","templated":true}]}}