{"id":6104,"date":"2023-06-23T19:20:29","date_gmt":"2023-06-23T17:20:29","guid":{"rendered":"https:\/\/bilshopping.dk\/produkt\/racoon-crazy-flamingo-shampoo-til-folie-mat-lak-5-ltr\/"},"modified":"2023-06-23T19:20:40","modified_gmt":"2023-06-23T17:20:40","slug":"racoon-crazy-flamingo-shampoo-til-folie-mat-lak-5-ltr","status":"publish","type":"product","link":"https:\/\/bilshopping.dk\/?product=racoon-crazy-flamingo-shampoo-til-folie-mat-lak-5-ltr","title":{"rendered":"Racoon crazy flamingo shampoo til folie\/mat lak 5 ltr"},"content":{"rendered":"<p>Produktid er <strong>2265-1575<\/strong> og <strong>4260667190179<\/strong><\/p>\n<h2>Anmeldelse af Racoon crazy flamingo shampoo til folie\/mat lak 5 ltr<\/h2>\n<p>Se om vi har en <a href=\"https:\/\/bilshopping.dk\/592\">anmeldelse af Racoon crazy flamingo shampoo til folie\/mat lak 5 ltr<\/a>.<\/p>\n","protected":false},"excerpt":{"rendered":"<p>Racoon Crazy Flamingo Shampoo  &#8211;  Crazy Flamingo er en perfekte pH-balanceret shampoo specialdesignet til dig, som \u00f8nsker at forl\u00e6nge levetiden p\u00e5 din folie. Den unikke formel har en utrolig fremragende renseeffekt og giver en flot finish uden voks, Racoon crazy flamingo shampoo til folie\/mat lak 5 ltr.<\/p>\n","protected":false},"featured_media":6105,"comment_status":"closed","ping_status":"open","template":"","meta":{"_kad_post_transparent":"","_kad_post_title":"","_kad_post_layout":"","_kad_post_sidebar_id":"","_kad_post_content_style":"","_kad_post_vertical_padding":"","_kad_post_feature":"","_kad_post_feature_position":"","_kad_post_header":false,"_kad_post_footer":false},"product_cat":[3145,3146],"product_tag":[3147,2988,3148],"brand":[],"class_list":{"0":"post-6104","1":"product","2":"type-product","3":"status-publish","4":"has-post-thumbnail","6":"product_cat-bilpleje","7":"product_cat-vaskeprodukter","8":"product_tag-bilpleje","9":"product_tag-los","10":"product_tag-vaskeprodukter","12":"first","13":"instock","14":"sale","15":"product-type-external","16":"entry","17":"content-bg","18":"loop-entry"},"_links":{"self":[{"href":"https:\/\/bilshopping.dk\/index.php?rest_route=\/wp\/v2\/product\/6104","targetHints":{"allow":["GET"]}}],"collection":[{"href":"https:\/\/bilshopping.dk\/index.php?rest_route=\/wp\/v2\/product"}],"about":[{"href":"https:\/\/bilshopping.dk\/index.php?rest_route=\/wp\/v2\/types\/product"}],"replies":[{"embeddable":true,"href":"https:\/\/bilshopping.dk\/index.php?rest_route=%2Fwp%2Fv2%2Fcomments&post=6104"}],"wp:featuredmedia":[{"embeddable":true,"href":"https:\/\/bilshopping.dk\/index.php?rest_route=\/wp\/v2\/media\/6105"}],"wp:attachment":[{"href":"https:\/\/bilshopping.dk\/index.php?rest_route=%2Fwp%2Fv2%2Fmedia&parent=6104"}],"wp:term":[{"taxonomy":"product_cat","embeddable":true,"href":"https:\/\/bilshopping.dk\/index.php?rest_route=%2Fwp%2Fv2%2Fproduct_cat&post=6104"},{"taxonomy":"product_tag","embeddable":true,"href":"https:\/\/bilshopping.dk\/index.php?rest_route=%2Fwp%2Fv2%2Fproduct_tag&post=6104"},{"taxonomy":"brand","embeddable":true,"href":"https:\/\/bilshopping.dk\/index.php?rest_route=%2Fwp%2Fv2%2Fbrand&post=6104"}],"curies":[{"name":"wp","href":"https:\/\/api.w.org\/{rel}","templated":true}]}}