{"id":6108,"date":"2023-06-23T19:20:29","date_gmt":"2023-06-23T17:20:29","guid":{"rendered":"https:\/\/bilshopping.dk\/produkt\/racoon-interioerrens-tidy-interior-500-ml\/"},"modified":"2023-06-23T19:20:43","modified_gmt":"2023-06-23T17:20:43","slug":"racoon-interioerrens-tidy-interior-500-ml","status":"publish","type":"product","link":"https:\/\/bilshopping.dk\/?product=racoon-interioerrens-tidy-interior-500-ml","title":{"rendered":"Racoon interi\u00f8rrens &#8211; tidy interior  500 ml"},"content":{"rendered":"<p>Produktid er <strong>2267-1599<\/strong> og <strong>1104587050911<\/strong><\/p>\n<h2>Anmeldelse af Racoon interi\u00f8rrens &#8211; tidy interior  500 ml<\/h2>\n<p>Se om vi har en <a href=\"https:\/\/bilshopping.dk\/592\">anmeldelse af Racoon interi\u00f8rrens &#8211; tidy interior  500 ml<\/a>.<\/p>\n","protected":false},"excerpt":{"rendered":"<p>En behagelig duftende interi\u00f8rpleje med meget god, dyb, men blid reng\u00f8ringseffekt! Sm\u00e5 m\u00e6ngder af dette universelt anvendelige reng\u00f8ringsmiddel er tilstr\u00e6kkelige til at fjerne de mest almindelige pletter og ubesv\u00e6ret. Efterlader ingen pletter eller strege, Racoon interi\u00f8rrens &#8211; tidy interior  500 ml.<\/p>\n","protected":false},"featured_media":6109,"comment_status":"closed","ping_status":"open","template":"","meta":{"_kad_post_transparent":"","_kad_post_title":"","_kad_post_layout":"","_kad_post_sidebar_id":"","_kad_post_content_style":"","_kad_post_vertical_padding":"","_kad_post_feature":"","_kad_post_feature_position":"","_kad_post_header":false,"_kad_post_footer":false},"product_cat":[3145,3152],"product_tag":[3147,3153,2988],"brand":[],"class_list":{"0":"post-6108","1":"product","2":"type-product","3":"status-publish","4":"has-post-thumbnail","6":"product_cat-bilpleje","7":"product_cat-indvendig-pleje","8":"product_tag-bilpleje","9":"product_tag-indvendig-pleje","10":"product_tag-los","12":"first","13":"instock","14":"sale","15":"product-type-external","16":"entry","17":"content-bg","18":"loop-entry"},"_links":{"self":[{"href":"https:\/\/bilshopping.dk\/index.php?rest_route=\/wp\/v2\/product\/6108","targetHints":{"allow":["GET"]}}],"collection":[{"href":"https:\/\/bilshopping.dk\/index.php?rest_route=\/wp\/v2\/product"}],"about":[{"href":"https:\/\/bilshopping.dk\/index.php?rest_route=\/wp\/v2\/types\/product"}],"replies":[{"embeddable":true,"href":"https:\/\/bilshopping.dk\/index.php?rest_route=%2Fwp%2Fv2%2Fcomments&post=6108"}],"wp:featuredmedia":[{"embeddable":true,"href":"https:\/\/bilshopping.dk\/index.php?rest_route=\/wp\/v2\/media\/6109"}],"wp:attachment":[{"href":"https:\/\/bilshopping.dk\/index.php?rest_route=%2Fwp%2Fv2%2Fmedia&parent=6108"}],"wp:term":[{"taxonomy":"product_cat","embeddable":true,"href":"https:\/\/bilshopping.dk\/index.php?rest_route=%2Fwp%2Fv2%2Fproduct_cat&post=6108"},{"taxonomy":"product_tag","embeddable":true,"href":"https:\/\/bilshopping.dk\/index.php?rest_route=%2Fwp%2Fv2%2Fproduct_tag&post=6108"},{"taxonomy":"brand","embeddable":true,"href":"https:\/\/bilshopping.dk\/index.php?rest_route=%2Fwp%2Fv2%2Fbrand&post=6108"}],"curies":[{"name":"wp","href":"https:\/\/api.w.org\/{rel}","templated":true}]}}