{"id":6126,"date":"2023-06-23T19:20:57","date_gmt":"2023-06-23T17:20:57","guid":{"rendered":"https:\/\/bilshopping.dk\/produkt\/racoon-kunststofpleje-trim-gloss-500-ml\/"},"modified":"2023-06-23T19:20:57","modified_gmt":"2023-06-23T17:20:57","slug":"racoon-kunststofpleje-trim-gloss-500-ml","status":"publish","type":"product","link":"https:\/\/bilshopping.dk\/?product=racoon-kunststofpleje-trim-gloss-500-ml","title":{"rendered":"Racoon kunststofpleje &#8211; trim gloss  500 ml"},"content":{"rendered":"<p>Produktid er <strong>2271-1626<\/strong> og <strong>1104587050935<\/strong><\/p>\n<h2>Anmeldelse af Racoon kunststofpleje &#8211; trim gloss  500 ml<\/h2>\n<p>Se om vi har en <a href=\"https:\/\/bilshopping.dk\/592\">anmeldelse af Racoon kunststofpleje &#8211; trim gloss  500 ml<\/a>.<\/p>\n","protected":false},"excerpt":{"rendered":"<p>Dette produkt er meget langtidholdebart og \u00f8konomiske at bruge som har en opfriskende effekt p\u00e5 falmede og gr\u00e5tonet plastdele, samt er det smudsafvisende og UV-beskyttende p\u00e5 alle umalet og mat plast \/ plast i k\u00f8ret\u00f8jets ydre. Danner en naturlig, matt fin, Racoon kunststofpleje &#8211; trim gloss  500 ml.<\/p>\n","protected":false},"featured_media":6127,"comment_status":"closed","ping_status":"open","template":"","meta":{"_kad_post_transparent":"","_kad_post_title":"","_kad_post_layout":"","_kad_post_sidebar_id":"","_kad_post_content_style":"","_kad_post_vertical_padding":"","_kad_post_feature":"","_kad_post_feature_position":"","_kad_post_header":false,"_kad_post_footer":false},"product_cat":[3145,3154],"product_tag":[3147,2988,3155],"brand":[],"class_list":{"0":"post-6126","1":"product","2":"type-product","3":"status-publish","4":"has-post-thumbnail","6":"product_cat-bilpleje","7":"product_cat-udvendig-pleje","8":"product_tag-bilpleje","9":"product_tag-los","10":"product_tag-udvendig-pleje","12":"first","13":"instock","14":"sale","15":"product-type-external","16":"entry","17":"content-bg","18":"loop-entry"},"_links":{"self":[{"href":"https:\/\/bilshopping.dk\/index.php?rest_route=\/wp\/v2\/product\/6126","targetHints":{"allow":["GET"]}}],"collection":[{"href":"https:\/\/bilshopping.dk\/index.php?rest_route=\/wp\/v2\/product"}],"about":[{"href":"https:\/\/bilshopping.dk\/index.php?rest_route=\/wp\/v2\/types\/product"}],"replies":[{"embeddable":true,"href":"https:\/\/bilshopping.dk\/index.php?rest_route=%2Fwp%2Fv2%2Fcomments&post=6126"}],"wp:featuredmedia":[{"embeddable":true,"href":"https:\/\/bilshopping.dk\/index.php?rest_route=\/wp\/v2\/media\/6127"}],"wp:attachment":[{"href":"https:\/\/bilshopping.dk\/index.php?rest_route=%2Fwp%2Fv2%2Fmedia&parent=6126"}],"wp:term":[{"taxonomy":"product_cat","embeddable":true,"href":"https:\/\/bilshopping.dk\/index.php?rest_route=%2Fwp%2Fv2%2Fproduct_cat&post=6126"},{"taxonomy":"product_tag","embeddable":true,"href":"https:\/\/bilshopping.dk\/index.php?rest_route=%2Fwp%2Fv2%2Fproduct_tag&post=6126"},{"taxonomy":"brand","embeddable":true,"href":"https:\/\/bilshopping.dk\/index.php?rest_route=%2Fwp%2Fv2%2Fbrand&post=6126"}],"curies":[{"name":"wp","href":"https:\/\/api.w.org\/{rel}","templated":true}]}}