{"id":6134,"date":"2023-06-23T19:20:57","date_gmt":"2023-06-23T17:20:57","guid":{"rendered":"https:\/\/bilshopping.dk\/produkt\/racoon-vaskespand-med-laag-18-l\/"},"modified":"2023-06-23T19:21:01","modified_gmt":"2023-06-23T17:21:01","slug":"racoon-vaskespand-med-laag-18-l","status":"publish","type":"product","link":"https:\/\/bilshopping.dk\/?product=racoon-vaskespand-med-laag-18-l","title":{"rendered":"Racoon vaskespand med l\u00e5g 18 l"},"content":{"rendered":"<p>Produktid er <strong>2275<\/strong> og <strong>5709255106301<\/strong><\/p>\n<h2>Anmeldelse af Racoon vaskespand med l\u00e5g 18 l<\/h2>\n<p>Se om vi har en <a href=\"https:\/\/bilshopping.dk\/592\">anmeldelse af Racoon vaskespand med l\u00e5g 18 l<\/a>.<\/p>\n","protected":false},"excerpt":{"rendered":"<p>Racoon vaskespand til at vaske og skylle dit k\u00f8ret\u00f8jet. Vaskespanden er udstyret med et l\u00e5g, s\u00e5 du nemt kan transportere dine plejemidler med en dobbelt lukning, der sikrer at spanden holder t\u00e6t. Denne spand er udf\u00f8rt i den bedste tyske kvalitet. L\u00e5g inkl, Racoon vaskespand med l\u00e5g 18 l.<\/p>\n","protected":false},"featured_media":6135,"comment_status":"closed","ping_status":"open","template":"","meta":{"_kad_post_transparent":"","_kad_post_title":"","_kad_post_layout":"","_kad_post_sidebar_id":"","_kad_post_content_style":"","_kad_post_vertical_padding":"","_kad_post_feature":"","_kad_post_feature_position":"","_kad_post_header":false,"_kad_post_footer":false},"product_cat":[3145,3160],"product_tag":[3147,2988,3161],"brand":[],"class_list":{"0":"post-6134","1":"product","2":"type-product","3":"status-publish","4":"has-post-thumbnail","6":"product_cat-bilpleje","7":"product_cat-tilbehoer","8":"product_tag-bilpleje","9":"product_tag-los","10":"product_tag-tilbehoer","12":"first","13":"instock","14":"sale","15":"product-type-external","16":"entry","17":"content-bg","18":"loop-entry"},"_links":{"self":[{"href":"https:\/\/bilshopping.dk\/index.php?rest_route=\/wp\/v2\/product\/6134","targetHints":{"allow":["GET"]}}],"collection":[{"href":"https:\/\/bilshopping.dk\/index.php?rest_route=\/wp\/v2\/product"}],"about":[{"href":"https:\/\/bilshopping.dk\/index.php?rest_route=\/wp\/v2\/types\/product"}],"replies":[{"embeddable":true,"href":"https:\/\/bilshopping.dk\/index.php?rest_route=%2Fwp%2Fv2%2Fcomments&post=6134"}],"wp:featuredmedia":[{"embeddable":true,"href":"https:\/\/bilshopping.dk\/index.php?rest_route=\/wp\/v2\/media\/6135"}],"wp:attachment":[{"href":"https:\/\/bilshopping.dk\/index.php?rest_route=%2Fwp%2Fv2%2Fmedia&parent=6134"}],"wp:term":[{"taxonomy":"product_cat","embeddable":true,"href":"https:\/\/bilshopping.dk\/index.php?rest_route=%2Fwp%2Fv2%2Fproduct_cat&post=6134"},{"taxonomy":"product_tag","embeddable":true,"href":"https:\/\/bilshopping.dk\/index.php?rest_route=%2Fwp%2Fv2%2Fproduct_tag&post=6134"},{"taxonomy":"brand","embeddable":true,"href":"https:\/\/bilshopping.dk\/index.php?rest_route=%2Fwp%2Fv2%2Fbrand&post=6134"}],"curies":[{"name":"wp","href":"https:\/\/api.w.org\/{rel}","templated":true}]}}