{"id":6144,"date":"2023-06-23T19:20:57","date_gmt":"2023-06-23T17:20:57","guid":{"rendered":"https:\/\/bilshopping.dk\/produkt\/racoon-faelgforsegler-rim-gloss-coat-100-ml\/"},"modified":"2023-06-23T19:21:06","modified_gmt":"2023-06-23T17:21:06","slug":"racoon-faelgforsegler-rim-gloss-coat-100-ml","status":"publish","type":"product","link":"https:\/\/bilshopping.dk\/?product=racoon-faelgforsegler-rim-gloss-coat-100-ml","title":{"rendered":"Racoon f\u00e6lgforsegler &#8211; rim gloss coat 100 ml"},"content":{"rendered":"<p>Produktid er <strong>2281<\/strong> og <strong>11045878<\/strong><\/p>\n<h2>Anmeldelse af Racoon f\u00e6lgforsegler &#8211; rim gloss coat 100 ml<\/h2>\n<p>Se om vi har en <a href=\"https:\/\/bilshopping.dk\/592\">anmeldelse af Racoon f\u00e6lgforsegler &#8211; rim gloss coat 100 ml<\/a>.<\/p>\n","protected":false},"excerpt":{"rendered":"<p>Et topprodukt som holder dine f\u00e6lge rene for fastbr\u00e6ndt bremsest\u00f8v og efterlader en h\u00f8jglans finish. Holdbarheden er super god og kan ses i op til 6 uger efter brug, hvor bremsest\u00f8v, snavs, tj\u00e6re mv. har sv\u00e6rt ved at s\u00e6tte sig fast.<br \/>\nKan anvendes b\u00e5de p\u00e5 s, Racoon f\u00e6lgforsegler &#8211; rim gloss coat 100 ml.<\/p>\n","protected":false},"featured_media":6145,"comment_status":"closed","ping_status":"open","template":"","meta":{"_kad_post_transparent":"","_kad_post_title":"","_kad_post_layout":"","_kad_post_sidebar_id":"","_kad_post_content_style":"","_kad_post_vertical_padding":"","_kad_post_feature":"","_kad_post_feature_position":"","_kad_post_header":false,"_kad_post_footer":false},"product_cat":[3145,3158],"product_tag":[3147,3159,2988],"brand":[],"class_list":{"0":"post-6144","1":"product","2":"type-product","3":"status-publish","4":"has-post-thumbnail","6":"product_cat-bilpleje","7":"product_cat-daek-faelg-pleje","8":"product_tag-bilpleje","9":"product_tag-daek-faelg-pleje","10":"product_tag-los","12":"first","13":"instock","14":"sale","15":"product-type-external","16":"entry","17":"content-bg","18":"loop-entry"},"_links":{"self":[{"href":"https:\/\/bilshopping.dk\/index.php?rest_route=\/wp\/v2\/product\/6144","targetHints":{"allow":["GET"]}}],"collection":[{"href":"https:\/\/bilshopping.dk\/index.php?rest_route=\/wp\/v2\/product"}],"about":[{"href":"https:\/\/bilshopping.dk\/index.php?rest_route=\/wp\/v2\/types\/product"}],"replies":[{"embeddable":true,"href":"https:\/\/bilshopping.dk\/index.php?rest_route=%2Fwp%2Fv2%2Fcomments&post=6144"}],"wp:featuredmedia":[{"embeddable":true,"href":"https:\/\/bilshopping.dk\/index.php?rest_route=\/wp\/v2\/media\/6145"}],"wp:attachment":[{"href":"https:\/\/bilshopping.dk\/index.php?rest_route=%2Fwp%2Fv2%2Fmedia&parent=6144"}],"wp:term":[{"taxonomy":"product_cat","embeddable":true,"href":"https:\/\/bilshopping.dk\/index.php?rest_route=%2Fwp%2Fv2%2Fproduct_cat&post=6144"},{"taxonomy":"product_tag","embeddable":true,"href":"https:\/\/bilshopping.dk\/index.php?rest_route=%2Fwp%2Fv2%2Fproduct_tag&post=6144"},{"taxonomy":"brand","embeddable":true,"href":"https:\/\/bilshopping.dk\/index.php?rest_route=%2Fwp%2Fv2%2Fbrand&post=6144"}],"curies":[{"name":"wp","href":"https:\/\/api.w.org\/{rel}","templated":true}]}}