{"id":6154,"date":"2023-06-23T19:20:57","date_gmt":"2023-06-23T17:20:57","guid":{"rendered":"https:\/\/bilshopping.dk\/produkt\/racoon-polerpude-orange-medium-150-mm\/"},"modified":"2023-06-23T19:21:12","modified_gmt":"2023-06-23T17:21:12","slug":"racoon-polerpude-orange-medium-150-mm","status":"publish","type":"product","link":"https:\/\/bilshopping.dk\/?product=racoon-polerpude-orange-medium-150-mm","title":{"rendered":"Racoon polerpude orange medium &#8211; 150 mm"},"content":{"rendered":"<p>Produktid er <strong>2288<\/strong> og <strong>5709255106264<\/strong><\/p>\n<h2>Anmeldelse af Racoon polerpude orange medium &#8211; 150 mm<\/h2>\n<p>Se om vi har en <a href=\"https:\/\/bilshopping.dk\/592\">anmeldelse af Racoon polerpude orange medium &#8211; 150 mm<\/a>.<\/p>\n","protected":false},"excerpt":{"rendered":"<p>Denne svamp er specielt udviklet til Racoons egne polermidler. Puden er bl\u00f8d og har en semi-\u00e5ben cellestuktur, som med fordel kan anvendes til en excentrisk polermaskine. Puden kan ogs\u00e5 bruges til en roterende maskine. Fjerner nemt overfladeridser \u00e2\u0080\u009dvask, Racoon polerpude orange medium &#8211; 150 mm.<\/p>\n","protected":false},"featured_media":6155,"comment_status":"closed","ping_status":"open","template":"","meta":{"_kad_post_transparent":"","_kad_post_title":"","_kad_post_layout":"","_kad_post_sidebar_id":"","_kad_post_content_style":"","_kad_post_vertical_padding":"","_kad_post_feature":"","_kad_post_feature_position":"","_kad_post_header":false,"_kad_post_footer":false},"product_cat":[3145,3160],"product_tag":[3147,2988,3161],"brand":[],"class_list":{"0":"post-6154","1":"product","2":"type-product","3":"status-publish","4":"has-post-thumbnail","6":"product_cat-bilpleje","7":"product_cat-tilbehoer","8":"product_tag-bilpleje","9":"product_tag-los","10":"product_tag-tilbehoer","12":"first","13":"instock","14":"sale","15":"product-type-external","16":"entry","17":"content-bg","18":"loop-entry"},"_links":{"self":[{"href":"https:\/\/bilshopping.dk\/index.php?rest_route=\/wp\/v2\/product\/6154","targetHints":{"allow":["GET"]}}],"collection":[{"href":"https:\/\/bilshopping.dk\/index.php?rest_route=\/wp\/v2\/product"}],"about":[{"href":"https:\/\/bilshopping.dk\/index.php?rest_route=\/wp\/v2\/types\/product"}],"replies":[{"embeddable":true,"href":"https:\/\/bilshopping.dk\/index.php?rest_route=%2Fwp%2Fv2%2Fcomments&post=6154"}],"wp:featuredmedia":[{"embeddable":true,"href":"https:\/\/bilshopping.dk\/index.php?rest_route=\/wp\/v2\/media\/6155"}],"wp:attachment":[{"href":"https:\/\/bilshopping.dk\/index.php?rest_route=%2Fwp%2Fv2%2Fmedia&parent=6154"}],"wp:term":[{"taxonomy":"product_cat","embeddable":true,"href":"https:\/\/bilshopping.dk\/index.php?rest_route=%2Fwp%2Fv2%2Fproduct_cat&post=6154"},{"taxonomy":"product_tag","embeddable":true,"href":"https:\/\/bilshopping.dk\/index.php?rest_route=%2Fwp%2Fv2%2Fproduct_tag&post=6154"},{"taxonomy":"brand","embeddable":true,"href":"https:\/\/bilshopping.dk\/index.php?rest_route=%2Fwp%2Fv2%2Fbrand&post=6154"}],"curies":[{"name":"wp","href":"https:\/\/api.w.org\/{rel}","templated":true}]}}