{"id":6158,"date":"2023-06-23T19:20:57","date_gmt":"2023-06-23T17:20:57","guid":{"rendered":"https:\/\/bilshopping.dk\/produkt\/racoon-polerpude-gul-bloed-150-mm\/"},"modified":"2023-06-23T19:21:15","modified_gmt":"2023-06-23T17:21:15","slug":"racoon-polerpude-gul-bloed-150-mm","status":"publish","type":"product","link":"https:\/\/bilshopping.dk\/?product=racoon-polerpude-gul-bloed-150-mm","title":{"rendered":"Racoon polerpude gul bl\u00f8d &#8211; 150 mm"},"content":{"rendered":"<p>Produktid er <strong>2290<\/strong> og <strong>5709255106288<\/strong><\/p>\n<h2>Anmeldelse af Racoon polerpude gul bl\u00f8d &#8211; 150 mm<\/h2>\n<p>Se om vi har en <a href=\"https:\/\/bilshopping.dk\/592\">anmeldelse af Racoon polerpude gul bl\u00f8d &#8211; 150 mm<\/a>.<\/p>\n","protected":false},"excerpt":{"rendered":"<p>Racoons bl\u00f8de poleringspude har en bl\u00f8d, \u00e5ben cellestruktur til brug med roterende og excentriske polermaskiner. Den bl\u00f8depolerings pude har en overflade som er designet til at blive brugt sammen med Racoon &#8220;Perfect Pearl&#8221; antihologram polish., Racoon polerpude gul bl\u00f8d &#8211; 150 mm.<\/p>\n","protected":false},"featured_media":6159,"comment_status":"closed","ping_status":"open","template":"","meta":{"_kad_post_transparent":"","_kad_post_title":"","_kad_post_layout":"","_kad_post_sidebar_id":"","_kad_post_content_style":"","_kad_post_vertical_padding":"","_kad_post_feature":"","_kad_post_feature_position":"","_kad_post_header":false,"_kad_post_footer":false},"product_cat":[3145,3160],"product_tag":[3147,2988,3161],"brand":[],"class_list":{"0":"post-6158","1":"product","2":"type-product","3":"status-publish","4":"has-post-thumbnail","6":"product_cat-bilpleje","7":"product_cat-tilbehoer","8":"product_tag-bilpleje","9":"product_tag-los","10":"product_tag-tilbehoer","12":"first","13":"instock","14":"sale","15":"product-type-external","16":"entry","17":"content-bg","18":"loop-entry"},"_links":{"self":[{"href":"https:\/\/bilshopping.dk\/index.php?rest_route=\/wp\/v2\/product\/6158","targetHints":{"allow":["GET"]}}],"collection":[{"href":"https:\/\/bilshopping.dk\/index.php?rest_route=\/wp\/v2\/product"}],"about":[{"href":"https:\/\/bilshopping.dk\/index.php?rest_route=\/wp\/v2\/types\/product"}],"replies":[{"embeddable":true,"href":"https:\/\/bilshopping.dk\/index.php?rest_route=%2Fwp%2Fv2%2Fcomments&post=6158"}],"wp:featuredmedia":[{"embeddable":true,"href":"https:\/\/bilshopping.dk\/index.php?rest_route=\/wp\/v2\/media\/6159"}],"wp:attachment":[{"href":"https:\/\/bilshopping.dk\/index.php?rest_route=%2Fwp%2Fv2%2Fmedia&parent=6158"}],"wp:term":[{"taxonomy":"product_cat","embeddable":true,"href":"https:\/\/bilshopping.dk\/index.php?rest_route=%2Fwp%2Fv2%2Fproduct_cat&post=6158"},{"taxonomy":"product_tag","embeddable":true,"href":"https:\/\/bilshopping.dk\/index.php?rest_route=%2Fwp%2Fv2%2Fproduct_tag&post=6158"},{"taxonomy":"brand","embeddable":true,"href":"https:\/\/bilshopping.dk\/index.php?rest_route=%2Fwp%2Fv2%2Fbrand&post=6158"}],"curies":[{"name":"wp","href":"https:\/\/api.w.org\/{rel}","templated":true}]}}