{"id":6162,"date":"2023-06-23T19:20:57","date_gmt":"2023-06-23T17:20:57","guid":{"rendered":"https:\/\/bilshopping.dk\/produkt\/racoon-kit-til-lak-forsegling-paint-shield-premium-set\/"},"modified":"2023-06-23T19:21:18","modified_gmt":"2023-06-23T17:21:18","slug":"racoon-kit-til-lak-forsegling-paint-shield-premium-set","status":"publish","type":"product","link":"https:\/\/bilshopping.dk\/?product=racoon-kit-til-lak-forsegling-paint-shield-premium-set","title":{"rendered":"Racoon kit til lak forsegling &#8211; paint shield premium set"},"content":{"rendered":"<p>Produktid er <strong>2293<\/strong> og <strong>4260667191299<\/strong><\/p>\n<h2>Anmeldelse af Racoon kit til lak forsegling &#8211; paint shield premium set<\/h2>\n<p>Se om vi har en <a href=\"https:\/\/bilshopping.dk\/592\">anmeldelse af Racoon kit til lak forsegling &#8211; paint shield premium set<\/a>.<\/p>\n","protected":false},"excerpt":{"rendered":"<p>P\u00e5 grund af dets sammens\u00e6tning kl\u00e6ber Racoon Paint Shield permanent p\u00e5 overfladen og giver dermed ekstremt langvarig beskyttelse. Racoon Paint Shield \u00f8ger m\u00e6rkbart h\u00e5rdheden af de behandlede overflader.\u00c2\u00a0, Racoon kit til lak forsegling &#8211; paint shield premium set.<\/p>\n","protected":false},"featured_media":6163,"comment_status":"closed","ping_status":"open","template":"","meta":{"_kad_post_transparent":"","_kad_post_title":"","_kad_post_layout":"","_kad_post_sidebar_id":"","_kad_post_content_style":"","_kad_post_vertical_padding":"","_kad_post_feature":"","_kad_post_feature_position":"","_kad_post_header":false,"_kad_post_footer":false},"product_cat":[3145,3150],"product_tag":[3147,3151,2988],"brand":[],"class_list":{"0":"post-6162","1":"product","2":"type-product","3":"status-publish","4":"has-post-thumbnail","6":"product_cat-bilpleje","7":"product_cat-lakpleje","8":"product_tag-bilpleje","9":"product_tag-lakpleje","10":"product_tag-los","12":"first","13":"instock","14":"sale","15":"product-type-external","16":"entry","17":"content-bg","18":"loop-entry"},"_links":{"self":[{"href":"https:\/\/bilshopping.dk\/index.php?rest_route=\/wp\/v2\/product\/6162","targetHints":{"allow":["GET"]}}],"collection":[{"href":"https:\/\/bilshopping.dk\/index.php?rest_route=\/wp\/v2\/product"}],"about":[{"href":"https:\/\/bilshopping.dk\/index.php?rest_route=\/wp\/v2\/types\/product"}],"replies":[{"embeddable":true,"href":"https:\/\/bilshopping.dk\/index.php?rest_route=%2Fwp%2Fv2%2Fcomments&post=6162"}],"wp:featuredmedia":[{"embeddable":true,"href":"https:\/\/bilshopping.dk\/index.php?rest_route=\/wp\/v2\/media\/6163"}],"wp:attachment":[{"href":"https:\/\/bilshopping.dk\/index.php?rest_route=%2Fwp%2Fv2%2Fmedia&parent=6162"}],"wp:term":[{"taxonomy":"product_cat","embeddable":true,"href":"https:\/\/bilshopping.dk\/index.php?rest_route=%2Fwp%2Fv2%2Fproduct_cat&post=6162"},{"taxonomy":"product_tag","embeddable":true,"href":"https:\/\/bilshopping.dk\/index.php?rest_route=%2Fwp%2Fv2%2Fproduct_tag&post=6162"},{"taxonomy":"brand","embeddable":true,"href":"https:\/\/bilshopping.dk\/index.php?rest_route=%2Fwp%2Fv2%2Fbrand&post=6162"}],"curies":[{"name":"wp","href":"https:\/\/api.w.org\/{rel}","templated":true}]}}