{"id":6164,"date":"2023-06-23T19:20:57","date_gmt":"2023-06-23T17:20:57","guid":{"rendered":"https:\/\/bilshopping.dk\/produkt\/racoon-faelgforsegling-saet-wheel-shield-premium-set\/"},"modified":"2023-06-23T19:21:19","modified_gmt":"2023-06-23T17:21:19","slug":"racoon-faelgforsegling-saet-wheel-shield-premium-set","status":"publish","type":"product","link":"https:\/\/bilshopping.dk\/?product=racoon-faelgforsegling-saet-wheel-shield-premium-set","title":{"rendered":"Racoon f\u00e6lgforsegling s\u00e6t &#8211; wheel shield premium set"},"content":{"rendered":"<p>Produktid er <strong>2294<\/strong> og <strong>4260667191312<\/strong><\/p>\n<h2>Anmeldelse af Racoon f\u00e6lgforsegling s\u00e6t &#8211; wheel shield premium set<\/h2>\n<p>Se om vi har en <a href=\"https:\/\/bilshopping.dk\/592\">anmeldelse af Racoon f\u00e6lgforsegling s\u00e6t &#8211; wheel shield premium set<\/a>.<\/p>\n","protected":false},"excerpt":{"rendered":"<p>Beskytter f\u00e6lge eller andre metaloverflader, som uds\u00e6ttes for varmep\u00e5virkning. Hvor andre f\u00e6lgcoatings hurtigt nedbrydes ved h\u00f8j varmep\u00e5virkning, kan Racoon Rim Coat klare op til 250 grader, uden at forseglingen sv\u00e6kkes. Racoon giver den bedste beskyttels, Racoon f\u00e6lgforsegling s\u00e6t &#8211; wheel shield premium set.<\/p>\n","protected":false},"featured_media":6165,"comment_status":"closed","ping_status":"open","template":"","meta":{"_kad_post_transparent":"","_kad_post_title":"","_kad_post_layout":"","_kad_post_sidebar_id":"","_kad_post_content_style":"","_kad_post_vertical_padding":"","_kad_post_feature":"","_kad_post_feature_position":"","_kad_post_header":false,"_kad_post_footer":false},"product_cat":[3145,3158],"product_tag":[3147,3159,2988],"brand":[],"class_list":{"0":"post-6164","1":"product","2":"type-product","3":"status-publish","4":"has-post-thumbnail","6":"product_cat-bilpleje","7":"product_cat-daek-faelg-pleje","8":"product_tag-bilpleje","9":"product_tag-daek-faelg-pleje","10":"product_tag-los","12":"first","13":"instock","14":"sale","15":"product-type-external","16":"entry","17":"content-bg","18":"loop-entry"},"_links":{"self":[{"href":"https:\/\/bilshopping.dk\/index.php?rest_route=\/wp\/v2\/product\/6164","targetHints":{"allow":["GET"]}}],"collection":[{"href":"https:\/\/bilshopping.dk\/index.php?rest_route=\/wp\/v2\/product"}],"about":[{"href":"https:\/\/bilshopping.dk\/index.php?rest_route=\/wp\/v2\/types\/product"}],"replies":[{"embeddable":true,"href":"https:\/\/bilshopping.dk\/index.php?rest_route=%2Fwp%2Fv2%2Fcomments&post=6164"}],"wp:featuredmedia":[{"embeddable":true,"href":"https:\/\/bilshopping.dk\/index.php?rest_route=\/wp\/v2\/media\/6165"}],"wp:attachment":[{"href":"https:\/\/bilshopping.dk\/index.php?rest_route=%2Fwp%2Fv2%2Fmedia&parent=6164"}],"wp:term":[{"taxonomy":"product_cat","embeddable":true,"href":"https:\/\/bilshopping.dk\/index.php?rest_route=%2Fwp%2Fv2%2Fproduct_cat&post=6164"},{"taxonomy":"product_tag","embeddable":true,"href":"https:\/\/bilshopping.dk\/index.php?rest_route=%2Fwp%2Fv2%2Fproduct_tag&post=6164"},{"taxonomy":"brand","embeddable":true,"href":"https:\/\/bilshopping.dk\/index.php?rest_route=%2Fwp%2Fv2%2Fbrand&post=6164"}],"curies":[{"name":"wp","href":"https:\/\/api.w.org\/{rel}","templated":true}]}}