{"id":6174,"date":"2023-06-23T19:21:21","date_gmt":"2023-06-23T17:21:21","guid":{"rendered":"https:\/\/bilshopping.dk\/produkt\/racoon-applikator-svamp\/"},"modified":"2023-06-23T19:21:26","modified_gmt":"2023-06-23T17:21:26","slug":"racoon-applikator-svamp","status":"publish","type":"product","link":"https:\/\/bilshopping.dk\/?product=racoon-applikator-svamp","title":{"rendered":"Racoon applikator svamp"},"content":{"rendered":"<p>Produktid er <strong>2300<\/strong> og <strong><\/strong><\/p>\n<h2>Anmeldelse af Racoon applikator svamp<\/h2>\n<p>Se om vi har en <a href=\"https:\/\/bilshopping.dk\/592\">anmeldelse af Racoon applikator svamp<\/a>.<\/p>\n","protected":false},"excerpt":{"rendered":"<p>Racoon Applikator er en specialudviklet p\u00e5f\u00f8ringssvamp udformet som en firkant for n\u00f8jagtigt og korrekt p\u00e5f\u00f8ring af alle slags coatings (forseglinger)., Racoon applikator svamp.<\/p>\n","protected":false},"featured_media":6175,"comment_status":"closed","ping_status":"open","template":"","meta":{"_kad_post_transparent":"","_kad_post_title":"","_kad_post_layout":"","_kad_post_sidebar_id":"","_kad_post_content_style":"","_kad_post_vertical_padding":"","_kad_post_feature":"","_kad_post_feature_position":"","_kad_post_header":false,"_kad_post_footer":false},"product_cat":[3145,3160],"product_tag":[3147,2988,3161],"brand":[],"class_list":{"0":"post-6174","1":"product","2":"type-product","3":"status-publish","4":"has-post-thumbnail","6":"product_cat-bilpleje","7":"product_cat-tilbehoer","8":"product_tag-bilpleje","9":"product_tag-los","10":"product_tag-tilbehoer","12":"first","13":"instock","14":"sale","15":"product-type-external","16":"entry","17":"content-bg","18":"loop-entry"},"_links":{"self":[{"href":"https:\/\/bilshopping.dk\/index.php?rest_route=\/wp\/v2\/product\/6174","targetHints":{"allow":["GET"]}}],"collection":[{"href":"https:\/\/bilshopping.dk\/index.php?rest_route=\/wp\/v2\/product"}],"about":[{"href":"https:\/\/bilshopping.dk\/index.php?rest_route=\/wp\/v2\/types\/product"}],"replies":[{"embeddable":true,"href":"https:\/\/bilshopping.dk\/index.php?rest_route=%2Fwp%2Fv2%2Fcomments&post=6174"}],"wp:featuredmedia":[{"embeddable":true,"href":"https:\/\/bilshopping.dk\/index.php?rest_route=\/wp\/v2\/media\/6175"}],"wp:attachment":[{"href":"https:\/\/bilshopping.dk\/index.php?rest_route=%2Fwp%2Fv2%2Fmedia&parent=6174"}],"wp:term":[{"taxonomy":"product_cat","embeddable":true,"href":"https:\/\/bilshopping.dk\/index.php?rest_route=%2Fwp%2Fv2%2Fproduct_cat&post=6174"},{"taxonomy":"product_tag","embeddable":true,"href":"https:\/\/bilshopping.dk\/index.php?rest_route=%2Fwp%2Fv2%2Fproduct_tag&post=6174"},{"taxonomy":"brand","embeddable":true,"href":"https:\/\/bilshopping.dk\/index.php?rest_route=%2Fwp%2Fv2%2Fbrand&post=6174"}],"curies":[{"name":"wp","href":"https:\/\/api.w.org\/{rel}","templated":true}]}}