{"id":6176,"date":"2023-06-23T19:21:21","date_gmt":"2023-06-23T17:21:21","guid":{"rendered":"https:\/\/bilshopping.dk\/produkt\/racoon-paafoeringsklud-applicator-towel-xl-5-pak\/"},"modified":"2023-06-23T19:21:27","modified_gmt":"2023-06-23T17:21:27","slug":"racoon-paafoeringsklud-applicator-towel-xl-5-pak","status":"publish","type":"product","link":"https:\/\/bilshopping.dk\/?product=racoon-paafoeringsklud-applicator-towel-xl-5-pak","title":{"rendered":"Racoon p\u00e5f\u00f8ringsklud &#8211; applicator towel XL &#8211; 5 pak"},"content":{"rendered":"<p>Produktid er <strong>2301<\/strong> og <strong>5709255115785<\/strong><\/p>\n<h2>Anmeldelse af Racoon p\u00e5f\u00f8ringsklud &#8211; applicator towel XL &#8211; 5 pak<\/h2>\n<p>Se om vi har en <a href=\"https:\/\/bilshopping.dk\/592\">anmeldelse af Racoon p\u00e5f\u00f8ringsklud &#8211; applicator towel XL &#8211; 5 pak<\/a>.<\/p>\n","protected":false},"excerpt":{"rendered":"<p>Racoon applikationsklud er den ultimative klud til p\u00e5f\u00f8ring af coating. Den har ultrafine h\u00e5r og er ekstrem bl\u00f8d. Dette produkt hj\u00e6lper dig med at forl\u00e6nge levetiden af din coating, uden at ridse lakken under p\u00e5f\u00f8ring., Racoon p\u00e5f\u00f8ringsklud &#8211; applicator towel XL &#8211; 5 pak.<\/p>\n","protected":false},"featured_media":6177,"comment_status":"closed","ping_status":"open","template":"","meta":{"_kad_post_transparent":"","_kad_post_title":"","_kad_post_layout":"","_kad_post_sidebar_id":"","_kad_post_content_style":"","_kad_post_vertical_padding":"","_kad_post_feature":"","_kad_post_feature_position":"","_kad_post_header":false,"_kad_post_footer":false},"product_cat":[3145,3160],"product_tag":[3147,2988,3161],"brand":[],"class_list":{"0":"post-6176","1":"product","2":"type-product","3":"status-publish","4":"has-post-thumbnail","6":"product_cat-bilpleje","7":"product_cat-tilbehoer","8":"product_tag-bilpleje","9":"product_tag-los","10":"product_tag-tilbehoer","12":"first","13":"instock","14":"sale","15":"product-type-external","16":"entry","17":"content-bg","18":"loop-entry"},"_links":{"self":[{"href":"https:\/\/bilshopping.dk\/index.php?rest_route=\/wp\/v2\/product\/6176","targetHints":{"allow":["GET"]}}],"collection":[{"href":"https:\/\/bilshopping.dk\/index.php?rest_route=\/wp\/v2\/product"}],"about":[{"href":"https:\/\/bilshopping.dk\/index.php?rest_route=\/wp\/v2\/types\/product"}],"replies":[{"embeddable":true,"href":"https:\/\/bilshopping.dk\/index.php?rest_route=%2Fwp%2Fv2%2Fcomments&post=6176"}],"wp:featuredmedia":[{"embeddable":true,"href":"https:\/\/bilshopping.dk\/index.php?rest_route=\/wp\/v2\/media\/6177"}],"wp:attachment":[{"href":"https:\/\/bilshopping.dk\/index.php?rest_route=%2Fwp%2Fv2%2Fmedia&parent=6176"}],"wp:term":[{"taxonomy":"product_cat","embeddable":true,"href":"https:\/\/bilshopping.dk\/index.php?rest_route=%2Fwp%2Fv2%2Fproduct_cat&post=6176"},{"taxonomy":"product_tag","embeddable":true,"href":"https:\/\/bilshopping.dk\/index.php?rest_route=%2Fwp%2Fv2%2Fproduct_tag&post=6176"},{"taxonomy":"brand","embeddable":true,"href":"https:\/\/bilshopping.dk\/index.php?rest_route=%2Fwp%2Fv2%2Fbrand&post=6176"}],"curies":[{"name":"wp","href":"https:\/\/api.w.org\/{rel}","templated":true}]}}