{"id":6186,"date":"2023-06-23T19:21:21","date_gmt":"2023-06-23T17:21:21","guid":{"rendered":"https:\/\/bilshopping.dk\/produkt\/racoon-laederpleje-leather-protect-100-ml\/"},"modified":"2023-06-23T19:21:32","modified_gmt":"2023-06-23T17:21:32","slug":"racoon-laederpleje-leather-protect-100-ml","status":"publish","type":"product","link":"https:\/\/bilshopping.dk\/?product=racoon-laederpleje-leather-protect-100-ml","title":{"rendered":"Racoon l\u00e6derpleje &#8211; leather protect 100 ml."},"content":{"rendered":"<p>Produktid er <strong>2304-1590<\/strong> og <strong>5709255119493<\/strong><\/p>\n<h2>Anmeldelse af Racoon l\u00e6derpleje &#8211; leather protect 100 ml.<\/h2>\n<p>Se om vi har en <a href=\"https:\/\/bilshopping.dk\/592\">anmeldelse af Racoon l\u00e6derpleje &#8211; leather protect 100 ml.<\/a>.<\/p>\n","protected":false},"excerpt":{"rendered":"<p>Den nye, og nemme at Racoon L\u00e6derbeskyttelse til alt l\u00e6der i bilen! Et usynligt, farvestr\u00e5lende og ultra-tyndt beskyttende lag virker effektivt over en lang periode!\u00c2\u00a0, Racoon l\u00e6derpleje &#8211; leather protect 100 ml..<\/p>\n","protected":false},"featured_media":6187,"comment_status":"closed","ping_status":"open","template":"","meta":{"_kad_post_transparent":"","_kad_post_title":"","_kad_post_layout":"","_kad_post_sidebar_id":"","_kad_post_content_style":"","_kad_post_vertical_padding":"","_kad_post_feature":"","_kad_post_feature_position":"","_kad_post_header":false,"_kad_post_footer":false},"product_cat":[3145,3152],"product_tag":[3147,3153,2988],"brand":[],"class_list":{"0":"post-6186","1":"product","2":"type-product","3":"status-publish","4":"has-post-thumbnail","6":"product_cat-bilpleje","7":"product_cat-indvendig-pleje","8":"product_tag-bilpleje","9":"product_tag-indvendig-pleje","10":"product_tag-los","12":"first","13":"instock","14":"sale","15":"product-type-external","16":"entry","17":"content-bg","18":"loop-entry"},"_links":{"self":[{"href":"https:\/\/bilshopping.dk\/index.php?rest_route=\/wp\/v2\/product\/6186","targetHints":{"allow":["GET"]}}],"collection":[{"href":"https:\/\/bilshopping.dk\/index.php?rest_route=\/wp\/v2\/product"}],"about":[{"href":"https:\/\/bilshopping.dk\/index.php?rest_route=\/wp\/v2\/types\/product"}],"replies":[{"embeddable":true,"href":"https:\/\/bilshopping.dk\/index.php?rest_route=%2Fwp%2Fv2%2Fcomments&post=6186"}],"wp:featuredmedia":[{"embeddable":true,"href":"https:\/\/bilshopping.dk\/index.php?rest_route=\/wp\/v2\/media\/6187"}],"wp:attachment":[{"href":"https:\/\/bilshopping.dk\/index.php?rest_route=%2Fwp%2Fv2%2Fmedia&parent=6186"}],"wp:term":[{"taxonomy":"product_cat","embeddable":true,"href":"https:\/\/bilshopping.dk\/index.php?rest_route=%2Fwp%2Fv2%2Fproduct_cat&post=6186"},{"taxonomy":"product_tag","embeddable":true,"href":"https:\/\/bilshopping.dk\/index.php?rest_route=%2Fwp%2Fv2%2Fproduct_tag&post=6186"},{"taxonomy":"brand","embeddable":true,"href":"https:\/\/bilshopping.dk\/index.php?rest_route=%2Fwp%2Fv2%2Fbrand&post=6186"}],"curies":[{"name":"wp","href":"https:\/\/api.w.org\/{rel}","templated":true}]}}