{"id":6188,"date":"2023-06-23T19:21:21","date_gmt":"2023-06-23T17:21:21","guid":{"rendered":"https:\/\/bilshopping.dk\/produkt\/racoon-microfiber-klud-microfibre-drying-towel\/"},"modified":"2023-06-23T19:21:33","modified_gmt":"2023-06-23T17:21:33","slug":"racoon-microfiber-klud-microfibre-drying-towel","status":"publish","type":"product","link":"https:\/\/bilshopping.dk\/?product=racoon-microfiber-klud-microfibre-drying-towel","title":{"rendered":"Racoon Microfiber klud &#8211; microfibre drying towel"},"content":{"rendered":"<p>Produktid er <strong>2305<\/strong> og <strong>1104587687421<\/strong><\/p>\n<h2>Anmeldelse af Racoon Microfiber klud &#8211; microfibre drying towel<\/h2>\n<p>Se om vi har en <a href=\"https:\/\/bilshopping.dk\/592\">anmeldelse af Racoon Microfiber klud &#8211; microfibre drying towel<\/a>.<\/p>\n","protected":false},"excerpt":{"rendered":"<p>Til den hurtige, men blide og pletfri aft\u00f8rring af k\u00f8ret\u00f8jets overflader! De to forskellige sider og ekstremt absorberende fluffy mikrofibre, beholder deres egenskaber selv efter gentagne vaske. Racoon har produceret dette topprodukt, som g\u00f8r aft\u00f8rring af, Racoon Microfiber klud &#8211; microfibre drying towel.<\/p>\n","protected":false},"featured_media":6189,"comment_status":"closed","ping_status":"open","template":"","meta":{"_kad_post_transparent":"","_kad_post_title":"","_kad_post_layout":"","_kad_post_sidebar_id":"","_kad_post_content_style":"","_kad_post_vertical_padding":"","_kad_post_feature":"","_kad_post_feature_position":"","_kad_post_header":false,"_kad_post_footer":false},"product_cat":[3145,3160],"product_tag":[3147,2988,3161],"brand":[],"class_list":{"0":"post-6188","1":"product","2":"type-product","3":"status-publish","4":"has-post-thumbnail","6":"product_cat-bilpleje","7":"product_cat-tilbehoer","8":"product_tag-bilpleje","9":"product_tag-los","10":"product_tag-tilbehoer","12":"first","13":"instock","14":"sale","15":"product-type-external","16":"entry","17":"content-bg","18":"loop-entry"},"_links":{"self":[{"href":"https:\/\/bilshopping.dk\/index.php?rest_route=\/wp\/v2\/product\/6188","targetHints":{"allow":["GET"]}}],"collection":[{"href":"https:\/\/bilshopping.dk\/index.php?rest_route=\/wp\/v2\/product"}],"about":[{"href":"https:\/\/bilshopping.dk\/index.php?rest_route=\/wp\/v2\/types\/product"}],"replies":[{"embeddable":true,"href":"https:\/\/bilshopping.dk\/index.php?rest_route=%2Fwp%2Fv2%2Fcomments&post=6188"}],"wp:featuredmedia":[{"embeddable":true,"href":"https:\/\/bilshopping.dk\/index.php?rest_route=\/wp\/v2\/media\/6189"}],"wp:attachment":[{"href":"https:\/\/bilshopping.dk\/index.php?rest_route=%2Fwp%2Fv2%2Fmedia&parent=6188"}],"wp:term":[{"taxonomy":"product_cat","embeddable":true,"href":"https:\/\/bilshopping.dk\/index.php?rest_route=%2Fwp%2Fv2%2Fproduct_cat&post=6188"},{"taxonomy":"product_tag","embeddable":true,"href":"https:\/\/bilshopping.dk\/index.php?rest_route=%2Fwp%2Fv2%2Fproduct_tag&post=6188"},{"taxonomy":"brand","embeddable":true,"href":"https:\/\/bilshopping.dk\/index.php?rest_route=%2Fwp%2Fv2%2Fbrand&post=6188"}],"curies":[{"name":"wp","href":"https:\/\/api.w.org\/{rel}","templated":true}]}}